{"id":2572,"date":"2025-02-14T12:35:04","date_gmt":"2025-02-14T11:35:04","guid":{"rendered":"https:\/\/arvasweden.com.hemsida.eu\/?page_id=2572"},"modified":"2026-02-13T13:21:59","modified_gmt":"2026-02-13T12:21:59","slug":"om-arva-sweden","status":"publish","type":"page","link":"https:\/\/arvasweden.com\/sv\/om-arva-sweden\/","title":{"rendered":"Om Arva Sweden"},"content":{"rendered":"\n<figure class=\"wp-block-image size-large\"><img loading=\"lazy\" decoding=\"async\" width=\"1080\" height=\"623\" src=\"https:\/\/arvasweden.com\/wp-content\/uploads\/About-Elise_lake22-1800px-DSC_4921-2-1080x623.png\" alt=\"\" class=\"wp-image-2819\" srcset=\"https:\/\/arvasweden.com\/wp-content\/uploads\/About-Elise_lake22-1800px-DSC_4921-2-1080x623.png 1080w, https:\/\/arvasweden.com\/wp-content\/uploads\/About-Elise_lake22-1800px-DSC_4921-2-300x173.png 300w, https:\/\/arvasweden.com\/wp-content\/uploads\/About-Elise_lake22-1800px-DSC_4921-2-768x443.png 768w, https:\/\/arvasweden.com\/wp-content\/uploads\/About-Elise_lake22-1800px-DSC_4921-2-1536x887.png 1536w, https:\/\/arvasweden.com\/wp-content\/uploads\/About-Elise_lake22-1800px-DSC_4921-2-600x346.png 600w, https:\/\/arvasweden.com\/wp-content\/uploads\/About-Elise_lake22-1800px-DSC_4921-2-64x37.png 64w, https:\/\/arvasweden.com\/wp-content\/uploads\/About-Elise_lake22-1800px-DSC_4921-2.png 1800w\" sizes=\"auto, (max-width: 1080px) 100vw, 1080px\" \/><\/figure>\n\n\n\n<div class=\"wp-block-columns is-layout-flex wp-container-core-columns-is-layout-28f84493 wp-block-columns-is-layout-flex\">\n<div class=\"wp-block-column is-layout-flow wp-block-column-is-layout-flow\" style=\"flex-basis:15%\"><\/div>\n\n\n\n<div class=\"wp-block-column is-layout-flow wp-block-column-is-layout-flow\">\n<div style=\"height:30px\" aria-hidden=\"true\" class=\"wp-block-spacer\"><\/div>\n\n\n\n<p>Med fokus p\u00e5 hantverkskvalitet, sk\u00f6nhet och symbolik, erbjuder Arva Sweden handgjutna smycken i silver och guld-vermeil. Etiska och estetiska v\u00e4rden kombineras med delar av v\u00e5rt kulturarv som har&nbsp; inneboende symboliska v\u00e4rden.<\/p>\n\n\n\n<figure class=\"wp-block-video\"><video height=\"720\" style=\"aspect-ratio: 1280 \/ 720;\" width=\"1280\" controls src=\"https:\/\/arvasweden.com\/wp-content\/uploads\/About-Arva-Sweden.mp4\"><\/video><\/figure>\n\n\n\n<h2 class=\"wp-block-heading\">Arva betyder n\u00e5got \u00e4rvt<\/h2>\n\n\n\n<p>Ordet \u201darva\u201d \u00e4r en gammal svensk form av arv, anv\u00e4nt i uttrycket arvasilver<em>,&nbsp;<\/em>\u00e4rvt silver. \u00c4rvda f\u00f6rem\u00e5l, speciellt s\u00e5dana av \u00e4delmetall, ans\u00e5gs \u00e4ga magiska krafter eller till och med inrymma en del av sl\u00e4ktingens ande. Inspirationen till designen kan ocks\u00e5 h\u00e4rledas fr\u00e5n v\u00e5rt arv. Ambitionen \u00e4r att den h\u00f6ga kvaliteten p\u00e5 hantverket&nbsp; i kombination med b\u00e4rarens historia, som exempelvis g\u00e5votillf\u00e4llet, g\u00f6r v\u00e5ra smycken v\u00e4rdiga att f\u00f6ra vidare till kommande generationer.<\/p>\n\n\n\n<h2 class=\"wp-block-heading\">Inspirationsk\u00e4llor<\/h2>\n\n\n\n<p>V\u00e5ra huvudsakliga inspirationsk\u00e4llor f\u00f6r v\u00e5ra smycken utg\u00f6rs av svensk folkkonst, folktro och traditioner.<\/p>\n\n\n\n<h3 class=\"wp-block-heading\">Folkkonst \u2013 m\u00f6nster f\u00f6rsk\u00f6nar livet<\/h3>\n\n\n\n<p>Lusten att dekorera v\u00e5r omgivning och g\u00f6ra vardagliga f\u00f6rem\u00e5l vackra genom sniderier och m\u00e5lningar, vanligen med geometriska m\u00f6nster eller motiv fr\u00e5n naturen, \u00e4r n\u00e5got vi delar med de flesta kulturer. M\u00e5nga av de vackraste f\u00f6rem\u00e5len \u00e4r s\u00e5dana som givits som k\u00e4rlekstecken eller br\u00f6llopsg\u00e5va. Den f\u00f6rsta kollektionen,&nbsp;<a href=\"https:\/\/arvasweden.com\/sv\/om-arva-sweden\/love-carvings-kollektion\/\">Love carvings, \u00e4r inspirerad av karvsnittsm\u00f6nster funna p\u00e5 k\u00e4rleksg\u00e5vor av tr\u00e4.<\/a><\/p>\n\n\n\n<blockquote class=\"wp-block-quote is-layout-flow wp-block-quote-is-layout-flow\">\n<p>&#8221;Det fantastiska med symboler och m\u00f6nster \u00e4r att de \u00e4r \u00f6ppna f\u00f6r universell tolkning, oberoende av fr\u00e5n vilken kultur de h\u00e4rstammar. Magin ligger i den personliga tolkningen, n\u00e4r du best\u00e4mmer vad smycket, formen eller m\u00f6nstret symboliserar f\u00f6r dig. Vackra ting har f\u00f6rm\u00e5gan att \u00f6ppna hj\u00e4rtan.&#8221;<\/p>\n\n\n\n<p><em>Pia S Ankner, grundare<\/em><\/p>\n<\/blockquote>\n<\/div>\n\n\n\n<div class=\"wp-block-column is-layout-flow wp-block-column-is-layout-flow\" style=\"flex-basis:15%\"><\/div>\n<\/div>\n\n\n\n<div class=\"wp-block-columns is-layout-flex wp-container-core-columns-is-layout-7abde1fe wp-block-columns-is-layout-flex\" style=\"padding-top:var(--wp--preset--spacing--40);padding-bottom:var(--wp--preset--spacing--40)\">\n<div class=\"wp-block-column is-layout-flow wp-block-column-is-layout-flow\" style=\"flex-basis:33.33%\">\n<figure class=\"wp-block-image size-full\"><img loading=\"lazy\" decoding=\"async\" width=\"595\" height=\"780\" src=\"https:\/\/arvasweden.com\/wp-content\/uploads\/pia-writing.jpg\" alt=\"Pia Ankner\" class=\"wp-image-390\" srcset=\"https:\/\/arvasweden.com\/wp-content\/uploads\/pia-writing.jpg 595w, https:\/\/arvasweden.com\/wp-content\/uploads\/pia-writing-229x300.jpg 229w, https:\/\/arvasweden.com\/wp-content\/uploads\/pia-writing-64x84.jpg 64w\" sizes=\"auto, (max-width: 595px) 100vw, 595px\" \/><\/figure>\n<\/div>\n\n\n\n<div class=\"wp-block-column is-layout-flow wp-block-column-is-layout-flow\" style=\"flex-basis:66.66%\">\n<h2 class=\"wp-block-heading\">Hur det b\u00f6rjade \u2013 historier, m\u00f6nster och r\u00f6tter<\/h2>\n\n\n\n<p>Intresset f\u00f6r skapande, liksom symbolik och ber\u00e4ttelser, har funnits i mitt liv s\u00e5 l\u00e4nge jag kan minnas. Som liten fascinerades jag s\u00e4rskilt av mormors avancerade stick-, virknings- och knypplingsarbeten med intrikata m\u00f6nster och \u00e4lskade \u00e4ventyren jag upplevde genom folksagorna.<\/p>\n\n\n\n<p>Id\u00e9n att ta fram moderna, h\u00f6gkvalitativa smycken inspirerade av svensk folkkonst och traditioner f\u00f6ddes \u00e5r 2002, n\u00e4r var jag f\u00f6r\u00e4ldraledig med mitt f\u00f6rsta barn och tankar kring arv och r\u00f6tter blev aktuella p\u00e5 ett nytt s\u00e4tt. Jag gjorde efterforskningar och skisser utan att f\u00f6rverkliga mina tankar, men vid sidan av arbetet i IT- och tekniksektorn gick jag silversmideskurs och h\u00f6ll kurser i smyckestillverkning med p\u00e4rlor. I slutet av 2013 tog jag steget fullt ut och realiserade konceptet i samarbete med duktiga hantverkare.<\/p>\n\n\n\n<p>Att ge nytt liv till en n\u00e4stan bortgl\u00f6md del av v\u00e5rt kulturarv och kanske inspirera andra att ta reda p\u00e5 mer om sitt personliga arv ligger mig varmt om hj\u00e4rtat. V\u00e5rt arv ger oss f\u00f6rankring och kan st\u00e4rka k\u00e4nslan av sammanhang och tillh\u00f6righet. Vackra ting har f\u00f6rm\u00e5gan att \u00f6ppna hj\u00e4rtan och kan p\u00e5minna om en person, en tid eller kanske ett l\u00f6fte. Det fantastiska med symboler och m\u00f6nster \u00e4r att de \u00e4r \u00f6ppna f\u00f6r universell tolkning, oberoende av fr\u00e5n vilken kultur de h\u00e4rstammar. Vad symboliserar smycket eller m\u00f6nstret f\u00f6r dig?<\/p>\n\n\n\n<p><em>Pia S Ankner,<\/em><br>Grundare och creative director<\/p>\n<\/div>\n<\/div>\n","protected":false},"excerpt":{"rendered":"<p>Med fokus p\u00e5 hantverkskvalitet, sk\u00f6nhet och symbolik, erbjuder Arva Sweden handgjutna smycken i silver och guld-vermeil. Etiska och estetiska v\u00e4rden kombineras med delar av v\u00e5rt kulturarv som har&nbsp; inneboende symboliska v\u00e4rden. Arva betyder n\u00e5got \u00e4rvt Ordet \u201darva\u201d \u00e4r en gammal svensk form av arv, anv\u00e4nt i uttrycket arvasilver,&nbsp;\u00e4rvt silver. \u00c4rvda f\u00f6rem\u00e5l, speciellt s\u00e5dana av \u00e4delmetall, [&hellip;]<\/p>\n","protected":false},"author":1,"featured_media":0,"parent":0,"menu_order":20,"comment_status":"closed","ping_status":"closed","template":"","meta":{"inline_featured_image":false,"footnotes":""},"class_list":["post-2572","page","type-page","status-publish","hentry"],"_links":{"self":[{"href":"https:\/\/arvasweden.com\/sv\/wp-json\/wp\/v2\/pages\/2572","targetHints":{"allow":["GET"]}}],"collection":[{"href":"https:\/\/arvasweden.com\/sv\/wp-json\/wp\/v2\/pages"}],"about":[{"href":"https:\/\/arvasweden.com\/sv\/wp-json\/wp\/v2\/types\/page"}],"author":[{"embeddable":true,"href":"https:\/\/arvasweden.com\/sv\/wp-json\/wp\/v2\/users\/1"}],"replies":[{"embeddable":true,"href":"https:\/\/arvasweden.com\/sv\/wp-json\/wp\/v2\/comments?post=2572"}],"version-history":[{"count":4,"href":"https:\/\/arvasweden.com\/sv\/wp-json\/wp\/v2\/pages\/2572\/revisions"}],"predecessor-version":[{"id":2909,"href":"https:\/\/arvasweden.com\/sv\/wp-json\/wp\/v2\/pages\/2572\/revisions\/2909"}],"wp:attachment":[{"href":"https:\/\/arvasweden.com\/sv\/wp-json\/wp\/v2\/media?parent=2572"}],"curies":[{"name":"wp","href":"https:\/\/api.w.org\/{rel}","templated":true}]}}