{"id":2604,"date":"2025-02-14T12:37:40","date_gmt":"2025-02-14T11:37:40","guid":{"rendered":"https:\/\/arvasweden.com.hemsida.eu\/?page_id=2604"},"modified":"2025-03-13T12:55:08","modified_gmt":"2025-03-13T11:55:08","slug":"hantverket","status":"publish","type":"page","link":"https:\/\/arvasweden.com\/sv\/om-arva-sweden\/hantverket\/","title":{"rendered":"Hantverket"},"content":{"rendered":"\n<div class=\"wp-block-columns is-layout-flex wp-container-core-columns-is-layout-28f84493 wp-block-columns-is-layout-flex\">\n<div class=\"wp-block-column is-layout-flow wp-block-column-is-layout-flow\" style=\"flex-basis:66.66%\">\n<p>Varje&nbsp;smycke fr\u00e5n Arva Sweden \u00e4r gjutet och f\u00e4rdigst\u00e4llt f\u00f6r hand. Detta kr\u00e4ver mycket gott hantverkskunnande och inneb\u00e4r ett stort antal arbetsmoment som m\u00e5ste upprepas. F\u00f6r att f\u00f6rs\u00e4kra sig om att kvaliteten blir h\u00f6g, \u00e4r passion och erfarenhet av hantverket v\u00e4sentliga egenskaper&nbsp;f\u00f6r att man ska lyckas med smyckeframst\u00e4llningen.<\/p>\n\n\n\n<p>Erfaren produktionspersonal l\u00e4gger tid och kraft p\u00e5 varje produkt och s\u00e4kerst\u00e4ller att de h\u00e5ller h\u00f6g kvalitet. Vi anv\u00e4nder bara de b\u00e4sta materialen, sterling silver och 18K guld som i h\u00f6g grad har \u00e5teranv\u00e4nts.<\/p>\n\n\n\n<blockquote class=\"wp-block-quote is-layout-flow wp-block-quote-is-layout-flow\">\n<p>Quality over quantity is absolutely a truth in everything worthy.<\/p>\n\n\n\n<p>Ingrid Holm-Garibay<\/p>\n<\/blockquote>\n<\/div>\n\n\n\n<div class=\"wp-block-column is-layout-flow wp-block-column-is-layout-flow\" style=\"flex-basis:33.33%\">\n<figure class=\"wp-block-image size-full\"><img loading=\"lazy\" decoding=\"async\" width=\"322\" height=\"500\" src=\"https:\/\/arvasweden.com\/wp-content\/uploads\/vaxform-craftmanship.png\" alt=\"Vaxform - Craftmanship\" class=\"wp-image-407\" srcset=\"https:\/\/arvasweden.com\/wp-content\/uploads\/vaxform-craftmanship.png 322w, https:\/\/arvasweden.com\/wp-content\/uploads\/vaxform-craftmanship-193x300.png 193w, https:\/\/arvasweden.com\/wp-content\/uploads\/vaxform-craftmanship-64x99.png 64w\" sizes=\"auto, (max-width: 322px) 100vw, 322px\" \/><\/figure>\n<\/div>\n<\/div>\n","protected":false},"excerpt":{"rendered":"<p>Varje&nbsp;smycke fr\u00e5n Arva Sweden \u00e4r gjutet och f\u00e4rdigst\u00e4llt f\u00f6r hand. Detta kr\u00e4ver mycket gott hantverkskunnande och inneb\u00e4r ett stort antal arbetsmoment som m\u00e5ste upprepas. F\u00f6r att f\u00f6rs\u00e4kra sig om att kvaliteten blir h\u00f6g, \u00e4r passion och erfarenhet av hantverket v\u00e4sentliga egenskaper&nbsp;f\u00f6r att man ska lyckas med smyckeframst\u00e4llningen. Erfaren produktionspersonal l\u00e4gger tid och kraft p\u00e5 varje [&hellip;]<\/p>\n","protected":false},"author":1,"featured_media":0,"parent":2572,"menu_order":3,"comment_status":"closed","ping_status":"closed","template":"","meta":{"inline_featured_image":false,"footnotes":""},"class_list":["post-2604","page","type-page","status-publish","hentry"],"_links":{"self":[{"href":"https:\/\/arvasweden.com\/sv\/wp-json\/wp\/v2\/pages\/2604","targetHints":{"allow":["GET"]}}],"collection":[{"href":"https:\/\/arvasweden.com\/sv\/wp-json\/wp\/v2\/pages"}],"about":[{"href":"https:\/\/arvasweden.com\/sv\/wp-json\/wp\/v2\/types\/page"}],"author":[{"embeddable":true,"href":"https:\/\/arvasweden.com\/sv\/wp-json\/wp\/v2\/users\/1"}],"replies":[{"embeddable":true,"href":"https:\/\/arvasweden.com\/sv\/wp-json\/wp\/v2\/comments?post=2604"}],"version-history":[{"count":1,"href":"https:\/\/arvasweden.com\/sv\/wp-json\/wp\/v2\/pages\/2604\/revisions"}],"predecessor-version":[{"id":2605,"href":"https:\/\/arvasweden.com\/sv\/wp-json\/wp\/v2\/pages\/2604\/revisions\/2605"}],"up":[{"embeddable":true,"href":"https:\/\/arvasweden.com\/sv\/wp-json\/wp\/v2\/pages\/2572"}],"wp:attachment":[{"href":"https:\/\/arvasweden.com\/sv\/wp-json\/wp\/v2\/media?parent=2604"}],"curies":[{"name":"wp","href":"https:\/\/api.w.org\/{rel}","templated":true}]}}