{"id":2606,"date":"2025-02-14T12:36:33","date_gmt":"2025-02-14T11:36:33","guid":{"rendered":"https:\/\/arvasweden.com.hemsida.eu\/?page_id=2606"},"modified":"2026-01-23T11:36:11","modified_gmt":"2026-01-23T10:36:11","slug":"historien-om-arva","status":"publish","type":"page","link":"https:\/\/arvasweden.com\/sv\/om-arva-sweden\/historien-om-arva\/","title":{"rendered":"Hur det b\u00f6rjade"},"content":{"rendered":"\n<div class=\"wp-block-columns is-layout-flex wp-container-core-columns-is-layout-28f84493 wp-block-columns-is-layout-flex\">\n<div class=\"wp-block-column is-layout-flow wp-block-column-is-layout-flow\" style=\"flex-basis:66.66%\">\n<h2 class=\"wp-block-heading\">Ber\u00e4ttelser, m\u00f6nster och arv<\/h2>\n\n\n\n<p>Fascinationen f\u00f6r och k\u00e4rleken till hantverk och prydnadsm\u00f6nster, s\u00e5v\u00e4l som symbolik och ber\u00e4ttande, har varit en livsl\u00e5ng passion f\u00f6r mig. Mina tidigaste minnen inkluderar att jag blev bl\u00e4ndad och mystifierad av den invecklade sk\u00f6nheten i m\u00f6nster jag s\u00e5g i det hantverk som min mormor gjorde. spetsar och virkade dukar bland annat.Jag \u00e4lskade ocks\u00e5 att l\u00e4sa, lyssna p\u00e5 och skriva ber\u00e4ttelser, vilket jag fortfarande g\u00f6r, eftersom jag nj\u00f6t av de underbara platser som ber\u00e4ttelserna tog mig till i min fantasi.Arva Sverige \u00e4r mitt s\u00e4tt att kombinera alla dessa komponenter.<\/p>\n\n\n\n<p>2002 kom jag p\u00e5 id\u00e9n att g\u00f6ra moderna smycken inspirerade av svensk folkkonst och folktro och jag b\u00f6rjade forska och g\u00f6ra skisser. Det var dock inte f\u00f6rr\u00e4n i slutet av 2013 som jag tog steget att f\u00f6rverkliga dessa visioner, i samarbete med skickliga hantverkare. Under tiden gick jag en kurs i silversmide och h\u00f6ll kurser i p\u00e4rlor och design samt gjorde en karri\u00e4r inom IT- och teknikv\u00e4rlden.<\/p>\n\n\n\n<h2 class=\"wp-block-heading\">Visionen<\/h2>\n\n\n\n<p>Det \u00e4r min \u00f6nskan att uppr\u00e4tth\u00e5lla och dela en del av v\u00e5rt rika arv, och kanske inspirera andra att ta reda p\u00e5 mer om deras. Att k\u00e4nna till din historia \u00e4r en viktig del av att k\u00e4nna dig sj\u00e4lv.<\/p>\n\n\n\n<p>Det fina med symboler och m\u00f6nster \u00e4r att de \u00e4r \u00f6ppna f\u00f6r universell tolkning, oavsett vilken kultur de kommer fr\u00e5n. En sak av sk\u00f6nhet har verkligen f\u00f6rm\u00e5gan att \u00f6ppna hj\u00e4rtan. Magi sker i den personliga f\u00f6rst\u00e5elsen, i att best\u00e4mma vad det betyder f\u00f6r dig. F\u00f6r den som har en koppling till Sverige kan ett ankare i det f\u00f6rflutna f\u00f6rst\u00e4rka din k\u00e4nsla av samh\u00f6righet. Detsamma kan g\u00e4lla f\u00f6r vem som helst, genom att l\u00e4gga till ditt eget symboliska v\u00e4rde till det. Jag \u00e4r \u00f6vertygad om att allt vi beh\u00f6ver finns inom oss, men de flesta av oss beh\u00f6ver bli p\u00e5minda om detta d\u00e5 och d\u00e5, och vilket b\u00e4ttre s\u00e4tt att g\u00f6ra det \u00e4n att b\u00e4ra smyckena som en p\u00e5minnelse och samtidigt f\u00f6rst\u00e4rka din personliga sk\u00f6nhet.<\/p>\n\n\n\n<p><em>Pia S Ankner<\/em><br>Grundare<\/p>\n<\/div>\n\n\n\n<div class=\"wp-block-column is-layout-flow wp-block-column-is-layout-flow\" style=\"flex-basis:33.33%\">\n<figure class=\"wp-block-image size-full\"><img loading=\"lazy\" decoding=\"async\" width=\"614\" height=\"768\" src=\"https:\/\/arvasweden.com\/wp-content\/uploads\/the-arva-story.jpg\" alt=\"The Arva Story\" class=\"wp-image-393\" style=\"object-fit:cover\" srcset=\"https:\/\/arvasweden.com\/wp-content\/uploads\/the-arva-story.jpg 614w, https:\/\/arvasweden.com\/wp-content\/uploads\/the-arva-story-240x300.jpg 240w, https:\/\/arvasweden.com\/wp-content\/uploads\/the-arva-story-600x750.jpg 600w, https:\/\/arvasweden.com\/wp-content\/uploads\/the-arva-story-64x80.jpg 64w\" sizes=\"auto, (max-width: 614px) 100vw, 614px\" \/><\/figure>\n<\/div>\n<\/div>\n","protected":false},"excerpt":{"rendered":"<p>Ber\u00e4ttelser, m\u00f6nster och arv Fascinationen f\u00f6r och k\u00e4rleken till hantverk och prydnadsm\u00f6nster, s\u00e5v\u00e4l som symbolik och ber\u00e4ttande, har varit en livsl\u00e5ng passion f\u00f6r mig. Mina tidigaste minnen inkluderar att jag blev bl\u00e4ndad och mystifierad av den invecklade sk\u00f6nheten i m\u00f6nster jag s\u00e5g i det hantverk som min mormor gjorde. spetsar och virkade dukar bland annat.Jag [&hellip;]<\/p>\n","protected":false},"author":1,"featured_media":0,"parent":2572,"menu_order":1,"comment_status":"closed","ping_status":"closed","template":"","meta":{"inline_featured_image":false,"footnotes":""},"class_list":["post-2606","page","type-page","status-publish","hentry"],"_links":{"self":[{"href":"https:\/\/arvasweden.com\/sv\/wp-json\/wp\/v2\/pages\/2606","targetHints":{"allow":["GET"]}}],"collection":[{"href":"https:\/\/arvasweden.com\/sv\/wp-json\/wp\/v2\/pages"}],"about":[{"href":"https:\/\/arvasweden.com\/sv\/wp-json\/wp\/v2\/types\/page"}],"author":[{"embeddable":true,"href":"https:\/\/arvasweden.com\/sv\/wp-json\/wp\/v2\/users\/1"}],"replies":[{"embeddable":true,"href":"https:\/\/arvasweden.com\/sv\/wp-json\/wp\/v2\/comments?post=2606"}],"version-history":[{"count":3,"href":"https:\/\/arvasweden.com\/sv\/wp-json\/wp\/v2\/pages\/2606\/revisions"}],"predecessor-version":[{"id":2814,"href":"https:\/\/arvasweden.com\/sv\/wp-json\/wp\/v2\/pages\/2606\/revisions\/2814"}],"up":[{"embeddable":true,"href":"https:\/\/arvasweden.com\/sv\/wp-json\/wp\/v2\/pages\/2572"}],"wp:attachment":[{"href":"https:\/\/arvasweden.com\/sv\/wp-json\/wp\/v2\/media?parent=2606"}],"curies":[{"name":"wp","href":"https:\/\/api.w.org\/{rel}","templated":true}]}}