{"id":2610,"date":"2025-02-14T16:53:55","date_gmt":"2025-02-14T15:53:55","guid":{"rendered":"https:\/\/arvasweden.com.hemsida.eu\/?page_id=2610"},"modified":"2025-03-13T13:09:45","modified_gmt":"2025-03-13T12:09:45","slug":"symbolik-tolkningar","status":"publish","type":"page","link":"https:\/\/arvasweden.com\/sv\/symbolik-tolkningar\/","title":{"rendered":"Symbolik &amp; tolkningar"},"content":{"rendered":"\n<div class=\"wp-block-columns is-layout-flex wp-container-core-columns-is-layout-28f84493 wp-block-columns-is-layout-flex\">\n<div class=\"wp-block-column is-layout-flow wp-block-column-is-layout-flow\" style=\"flex-basis:66.66%\">\n<p>M\u00f6nstren och de geometriska formerna \u00e4r inte bara en del av v\u00e5rt arv, utan de erbjuder ocks\u00e5 en m\u00f6jlighet att tolka dessa p\u00e5 mer \u00e4n ett s\u00e4tt. H\u00e4r \u00e4r n\u00e5gra f\u00f6rslag p\u00e5 symbolik och tolkningar:<\/p>\n\n\n\n<h2 class=\"wp-block-heading\">Runda former<\/h2>\n\n\n\n<p>Den runda&nbsp;formen representerar himlen, enighet, helhet, slutf\u00f6rande, o\u00e4ndlighet, v\u00e5rdande&nbsp;eller en mittpunkt att fokusera p\u00e5:<\/p>\n\n\n\n<ul class=\"wp-block-list\">\n<li>\u201dCompass\u201d-smyckena kan p\u00e5minna dig om att v\u00e4lja din egen riktning eller v\u00e4g, en uppmuntran till att ta kontroll \u00f6ver ditt liv. Det kan ocks\u00e5 betyda en f\u00f6rs\u00e4kran f\u00f6r mottagaren om att dess sj\u00e4l \u00e4r full\u00e4ndad.<\/li>\n\n\n\n<li>\u00a0\u201dFloral\u201d-h\u00e4nget, som ocks\u00e5 \u00e4r Arvas logo, kan ses som en symbol f\u00f6r att sl\u00e4ppa in sk\u00f6nheten\u00a0i ditt liv eller att ta vara p\u00e5 alla dina m\u00f6jligheter.<\/li>\n<\/ul>\n\n\n\n<h2 class=\"wp-block-heading\">Fyrkanter<\/h2>\n\n\n\n<p>En fyrkant kan representera jorden, byggblock, ett fundament eller integritet, n\u00e5got som s\u00e4ger att det \u00e4r m\u00f6jligt att skapa ordning i ditt liv.&nbsp;Den kan ocks\u00e5 representera ett hj\u00e4rta och dualiteten i allt samt fr\u00e4mja balans. Annan t\u00e4nkbar symbolik&nbsp;\u00e4r:<\/p>\n\n\n\n<ul class=\"wp-block-list\">\n<li>De fyra v\u00e4derstrecken (norr, s\u00f6der, \u00f6st v\u00e4st).<\/li>\n\n\n\n<li>De fyra \u00e5rstiderna (vinter, v\u00e5r, sommar, h\u00f6st).<\/li>\n\n\n\n<li>De fyra kosmiska elementen (solar, m\u00e5nar, planeter, stj\u00e4rnor).<\/li>\n\n\n\n<li>De fyra faserna i m\u00e4nniskolivet (f\u00f6dsel, barn, vuxen, d\u00f6d).<\/li>\n\n\n\n<li>De fyra elementen (eld, jord, luft, vatten).<\/li>\n<\/ul>\n\n\n\n<p>Med ett Pyramid-Square smycke kan du s\u00e4ga att du \u00e4r min v\u00e4rld eller kanske tj\u00e4na som&nbsp;en p\u00e5minnelse om din egen integritet.<\/p>\n\n\n\n<p>\u201dMixed carvings\u201d-&nbsp;armbandet och det l\u00e5nga halsbandet med alla sina blandade m\u00f6nster tillsammans kan p\u00e5minna dig om att medvetet v\u00e4lja de m\u00f6nster som du vill skall vara aktiva i ditt liv.<\/p>\n\n\n\n<p>Det finns m\u00e5nga tolkningar och b\u00e5de givare och mottagare kan v\u00e4lja vad som k\u00e4nns r\u00e4tt f\u00f6r dem. Det \u00e4r det personliga som styr&nbsp;n\u00e4r det g\u00e4ller symbolikd you of consciously choosing the patterns you want to be active in your life.<\/p>\n<\/div>\n\n\n\n<div class=\"wp-block-column is-layout-flow wp-block-column-is-layout-flow\" style=\"flex-basis:33.33%\">\n<figure class=\"wp-block-image size-full\"><img loading=\"lazy\" decoding=\"async\" width=\"334\" height=\"500\" src=\"https:\/\/arvasweden.com\/wp-content\/uploads\/symbols.jpg\" alt=\"Symbols\" class=\"wp-image-768\" srcset=\"https:\/\/arvasweden.com\/wp-content\/uploads\/symbols.jpg 334w, https:\/\/arvasweden.com\/wp-content\/uploads\/symbols-200x300.jpg 200w, https:\/\/arvasweden.com\/wp-content\/uploads\/symbols-64x96.jpg 64w\" sizes=\"auto, (max-width: 334px) 100vw, 334px\" \/><\/figure>\n<\/div>\n<\/div>\n","protected":false},"excerpt":{"rendered":"<p>M\u00f6nstren och de geometriska formerna \u00e4r inte bara en del av v\u00e5rt arv, utan de erbjuder ocks\u00e5 en m\u00f6jlighet att tolka dessa p\u00e5 mer \u00e4n ett s\u00e4tt. H\u00e4r \u00e4r n\u00e5gra f\u00f6rslag p\u00e5 symbolik och tolkningar: Runda former Den runda&nbsp;formen representerar himlen, enighet, helhet, slutf\u00f6rande, o\u00e4ndlighet, v\u00e5rdande&nbsp;eller en mittpunkt att fokusera p\u00e5: Fyrkanter En fyrkant kan [&hellip;]<\/p>\n","protected":false},"author":1,"featured_media":0,"parent":0,"menu_order":55,"comment_status":"closed","ping_status":"closed","template":"","meta":{"inline_featured_image":false,"footnotes":""},"class_list":["post-2610","page","type-page","status-publish","hentry"],"_links":{"self":[{"href":"https:\/\/arvasweden.com\/sv\/wp-json\/wp\/v2\/pages\/2610","targetHints":{"allow":["GET"]}}],"collection":[{"href":"https:\/\/arvasweden.com\/sv\/wp-json\/wp\/v2\/pages"}],"about":[{"href":"https:\/\/arvasweden.com\/sv\/wp-json\/wp\/v2\/types\/page"}],"author":[{"embeddable":true,"href":"https:\/\/arvasweden.com\/sv\/wp-json\/wp\/v2\/users\/1"}],"replies":[{"embeddable":true,"href":"https:\/\/arvasweden.com\/sv\/wp-json\/wp\/v2\/comments?post=2610"}],"version-history":[{"count":2,"href":"https:\/\/arvasweden.com\/sv\/wp-json\/wp\/v2\/pages\/2610\/revisions"}],"predecessor-version":[{"id":2613,"href":"https:\/\/arvasweden.com\/sv\/wp-json\/wp\/v2\/pages\/2610\/revisions\/2613"}],"wp:attachment":[{"href":"https:\/\/arvasweden.com\/sv\/wp-json\/wp\/v2\/media?parent=2610"}],"curies":[{"name":"wp","href":"https:\/\/api.w.org\/{rel}","templated":true}]}}