{"id":2614,"date":"2025-02-14T12:37:08","date_gmt":"2025-02-14T11:37:08","guid":{"rendered":"https:\/\/arvasweden.com.hemsida.eu\/?page_id=2614"},"modified":"2026-01-21T16:25:20","modified_gmt":"2026-01-21T15:25:20","slug":"love-carvings-kollektionen","status":"publish","type":"page","link":"https:\/\/arvasweden.com\/sv\/om-arva-sweden\/love-carvings-kollektionen\/","title":{"rendered":"Love carvings-kollektionen"},"content":{"rendered":"\n<figure class=\"wp-block-image size-full\"><img loading=\"lazy\" decoding=\"async\" width=\"1200\" height=\"482\" src=\"https:\/\/arvasweden.com\/wp-content\/uploads\/love-carvings-collection.jpg\" alt=\"Love Carvings Collection\" class=\"wp-image-397\" srcset=\"https:\/\/arvasweden.com\/wp-content\/uploads\/love-carvings-collection.jpg 1200w, https:\/\/arvasweden.com\/wp-content\/uploads\/love-carvings-collection-300x121.jpg 300w, https:\/\/arvasweden.com\/wp-content\/uploads\/love-carvings-collection-1080x434.jpg 1080w, https:\/\/arvasweden.com\/wp-content\/uploads\/love-carvings-collection-768x308.jpg 768w, https:\/\/arvasweden.com\/wp-content\/uploads\/love-carvings-collection-600x241.jpg 600w, https:\/\/arvasweden.com\/wp-content\/uploads\/love-carvings-collection-64x26.jpg 64w\" sizes=\"auto, (max-width: 1200px) 100vw, 1200px\" \/><\/figure>\n\n\n\n<div class=\"wp-block-columns is-layout-flex wp-container-core-columns-is-layout-7abde1fe wp-block-columns-is-layout-flex\" style=\"padding-top:var(--wp--preset--spacing--40);padding-bottom:var(--wp--preset--spacing--40)\">\n<div class=\"wp-block-column is-layout-flow wp-block-column-is-layout-flow\" style=\"flex-basis:75%\">\n<h2 class=\"wp-block-heading\">Inspirationen&nbsp;till&nbsp;kollektionen<\/h2>\n\n\n\n<h3 class=\"wp-block-heading\">K\u00e4rleksg\u00e5vor&nbsp;p\u00e5 modet&nbsp;i \u00f6ver 300 \u00e5r<\/h3>\n\n\n\n<p>Inga andra traditioner \u00e4n de som h\u00f6r till uppvaktning och frieri har gett upphov till s\u00e5 m\u00e5nga personliga och rikt utsmyckade g\u00e5vor. Det svenska bondesamh\u00e4llet (allmogen) var inget undantag. Fr\u00e5n sent 1600-tal och \u00f6ver 300 \u00e5r fram\u00e5t gavs ofta vackra k\u00e4rleksg\u00e5vor i tr\u00e4 vid trolovning och uppvaktning. <br><br>M\u00f6nstren i denna kollektion dekorerade vardagliga f\u00f6rem\u00e5l som linf\u00e4sten, mangelbr\u00e4den och tv\u00e4ttbr\u00e4den, dekorerade med karvsnitt. Geometriska m\u00f6nster, hj\u00e4rtan och rosetter bars fram som personliga tecken p\u00e5 k\u00e4rlek och avsikt. Varje snitt var en k\u00e4rleksdeklaration. Ett s\u00e4tt att s\u00e4ga \u201djag \u00e4lskar dig\u201d genom hantverk.<\/p>\n\n\n\n<p>Ibland tillverkade pojkar och m\u00e4n g\u00e5vorna sj\u00e4lva, ibland anlitades skickliga hantverkare. I b\u00e5da fallen l\u00e5g samma sak bakom: tid, arbete och omsorg som ett s\u00e4tt att visa k\u00e4rlek.<\/p>\n\n\n\n<p>I bondesamh\u00e4llet f\u00f6r\u00e4ndrades uttrycken l\u00e5ngsamt. Det som uppskattades i vardagen styrdes inte av modets v\u00e4xlingar, utan av igenk\u00e4nning, bruk och kontinuitet. D\u00e4rf\u00f6r upprepades former och symboler troget genom seklerna. M\u00e5nga av dessa f\u00f6rem\u00e5l fick ocks\u00e5 en hedersplats p\u00e5 en v\u00e4gg i hemmet snarare \u00e4n anv\u00e4ndes. D\u00e4rf\u00f6r finns de bevarade \u00e4n i dag, med m\u00f6nstren intakta.<\/p>\n\n\n\n<p><\/p>\n\n\n\n<p>I Love Carvings-kollektionen lever karvsnittens traditionella former vidare i smyckesform. M\u00f6nstren \u00e5terfinns p\u00e5 b\u00e5da sidorna och smyckena finns tillg\u00e4ngliga i sterling silver, guld-vermeil och i guld. (best\u00e4llningsvara).<\/p>\n\n\n\n<p><a href=\"https:\/\/arvasweden.com\/sv\/butik\/\" data-type=\"page\" data-id=\"18\">Till butiken \u00bb<\/a><br><br><strong>Symbolik \u00f6ppet f\u00f6r tolkning<\/strong><\/p>\n\n\n\n<p>Varje m\u00f6nster och form kan du&nbsp;naturligtvis ge en egen betydelse och tolkning och p\u00e5 det s\u00e4ttet&nbsp;g\u00f6ra&nbsp;smycket till en symbol f\u00f6r n\u00e5got betydelsefullt f\u00f6r dig: en p\u00e5minnelse om n\u00e5got fr\u00e5n ditt arv eller din nutid eller&nbsp;ange en riktning f\u00f6r framtiden. K\u00e4rlek och omsorg f\u00f6ljer med genom historien.<\/p>\n\n\n\n<p><a href=\"https:\/\/arvasweden.com\/sv\/symbolik-tolkningar\/\" data-type=\"page\" data-id=\"2610\">Mer om symbolik och vad smyckena kan f\u00f6rmedla till dem som b\u00e4r dem \u00bb<\/a><\/p>\n<\/div>\n\n\n\n<div class=\"wp-block-column is-layout-flow wp-block-column-is-layout-flow\" style=\"flex-basis:25%\">\n<figure class=\"wp-block-image size-full is-resized\"><img loading=\"lazy\" decoding=\"async\" width=\"300\" height=\"824\" src=\"https:\/\/arvasweden.com\/wp-content\/uploads\/linfaste-med-halsband.jpg\" alt=\"Linfaste med halsband\" class=\"wp-image-399\" style=\"width:232px;height:auto\" srcset=\"https:\/\/arvasweden.com\/wp-content\/uploads\/linfaste-med-halsband.jpg 300w, https:\/\/arvasweden.com\/wp-content\/uploads\/linfaste-med-halsband-109x300.jpg 109w, https:\/\/arvasweden.com\/wp-content\/uploads\/linfaste-med-halsband-64x176.jpg 64w\" sizes=\"auto, (max-width: 300px) 100vw, 300px\" \/><\/figure>\n<\/div>\n<\/div>\n","protected":false},"excerpt":{"rendered":"<p>Inspirationen&nbsp;till&nbsp;kollektionen K\u00e4rleksg\u00e5vor&nbsp;p\u00e5 modet&nbsp;i \u00f6ver 300 \u00e5r Inga andra traditioner \u00e4n de som h\u00f6r till uppvaktning och frieri har gett upphov till s\u00e5 m\u00e5nga personliga och rikt utsmyckade g\u00e5vor. Det svenska bondesamh\u00e4llet (allmogen) var inget undantag. Fr\u00e5n sent 1600-tal och \u00f6ver 300 \u00e5r fram\u00e5t gavs ofta vackra k\u00e4rleksg\u00e5vor i tr\u00e4 vid trolovning och uppvaktning. M\u00f6nstren i [&hellip;]<\/p>\n","protected":false},"author":1,"featured_media":0,"parent":2572,"menu_order":2,"comment_status":"closed","ping_status":"closed","template":"","meta":{"inline_featured_image":false,"footnotes":""},"class_list":["post-2614","page","type-page","status-publish","hentry"],"_links":{"self":[{"href":"https:\/\/arvasweden.com\/sv\/wp-json\/wp\/v2\/pages\/2614","targetHints":{"allow":["GET"]}}],"collection":[{"href":"https:\/\/arvasweden.com\/sv\/wp-json\/wp\/v2\/pages"}],"about":[{"href":"https:\/\/arvasweden.com\/sv\/wp-json\/wp\/v2\/types\/page"}],"author":[{"embeddable":true,"href":"https:\/\/arvasweden.com\/sv\/wp-json\/wp\/v2\/users\/1"}],"replies":[{"embeddable":true,"href":"https:\/\/arvasweden.com\/sv\/wp-json\/wp\/v2\/comments?post=2614"}],"version-history":[{"count":5,"href":"https:\/\/arvasweden.com\/sv\/wp-json\/wp\/v2\/pages\/2614\/revisions"}],"predecessor-version":[{"id":2806,"href":"https:\/\/arvasweden.com\/sv\/wp-json\/wp\/v2\/pages\/2614\/revisions\/2806"}],"up":[{"embeddable":true,"href":"https:\/\/arvasweden.com\/sv\/wp-json\/wp\/v2\/pages\/2572"}],"wp:attachment":[{"href":"https:\/\/arvasweden.com\/sv\/wp-json\/wp\/v2\/media?parent=2614"}],"curies":[{"name":"wp","href":"https:\/\/api.w.org\/{rel}","templated":true}]}}