{"id":2621,"date":"2025-02-14T16:51:19","date_gmt":"2025-02-14T15:51:19","guid":{"rendered":"https:\/\/arvasweden.com.hemsida.eu\/?page_id=2621"},"modified":"2025-03-13T13:40:30","modified_gmt":"2025-03-13T12:40:30","slug":"inspiration-for-ditt-presentkort","status":"publish","type":"page","link":"https:\/\/arvasweden.com\/sv\/inspiration-for-ditt-presentkort\/","title":{"rendered":"Inspiration f\u00f6r ditt presentkort"},"content":{"rendered":"\n<div class=\"wp-block-columns is-layout-flex wp-container-core-columns-is-layout-28f84493 wp-block-columns-is-layout-flex\">\n<div class=\"wp-block-column is-layout-flow wp-block-column-is-layout-flow\" style=\"flex-basis:66.66%\">\n<p>F\u00f6r att komma ig\u00e5ng, t\u00e4nk p\u00e5 att beskriva hur det k\u00e4nns att vara med den personen, vad som g\u00e5r igenom ditt sinne n\u00e4r du ser honom eller henne. Deras skratt, leende, ber\u00f6ring, dina avsikter, engagemang, tacksamhet\u2026 Anv\u00e4nd ditt speciella smeknamn, komplimang f\u00f6r mottagarnas b\u00e4sta och unika egenskaper.Var specifik.Att vara uppm\u00e4rksam p\u00e5&nbsp;sm\u00e5 detaljer visar hur v\u00e4l du k\u00e4nner honom\/henne eller hur mycket du uppskattar dem.<\/p>\n\n\n\n<p>V\u00e4lj ord som l\u00e5ter som dig och n\u00e4r du \u00e4r os\u00e4ker, h\u00e5ll det enkelt. Humor \u00e4r definitivt ocks\u00e5 ett alternativ, speciellt om ni inte har k\u00e4nt varandra s\u00e5 l\u00e4nge. Och sist men inte minst, l\u00e4gg lite tid och anstr\u00e4ngning p\u00e5 det och se till att du \u00e4r n\u00f6jd med ditt slutliga utkast innan du skriver det p\u00e5 kortet.<\/p>\n\n\n\n<p>H\u00e4r \u00e4r n\u00e5gra fraser och citat som du kan kombinera med ditt personliga meddelande:<\/p>\n\n\n\n<ul class=\"wp-block-list\">\n<li>Du lyser upp min dag varje g\u00e5ng jag ser dig<\/li>\n\n\n\n<li>Till mitt livs f\u00e4rg<\/li>\n\n\n\n<li>Du \u00e4r min k\u00e4rlek, mitt hj\u00e4rta, min gl\u00e4dje<\/li>\n\n\n\n<li>Det finns ingen plats jag hellre vill vara \u00e4n vid din sida<\/li>\n\n\n\n<li>Du fyller mitt liv med k\u00e4rlek och gl\u00e4dje<\/li>\n\n\n\n<li>Miles mellanrum, men alltid i mitt hj\u00e4rta.<\/li>\n\n\n\n<li>De s\u00f6taste stunderna \u00e4r de som spenderas med dig<\/li>\n\n\n\n<li>Med dig k\u00e4nns det som att komma hem<\/li>\n\n\n\n<li>Du \u00e4r den jag vill g\u00e5 med genom livet, hand i hand<\/li>\n\n\n\n<li>Tack f\u00f6r allt du g\u00f6r som g\u00f6r mitt liv lyckligare<\/li>\n\n\n\n<li>Jag \u00e4r s\u00e5 lyckligt lottad som har dig i mitt liv<\/li>\n\n\n\n<li>Du tar andan ur mig, alltid<\/li>\n\n\n\n<li>Min k\u00e4rlek till dig kan flytta berg<\/li>\n\n\n\n<li>Min k\u00e4rlek till dig \u00e4r en resa; b\u00f6rjar p\u00e5 evigt och slutar aldrig<\/li>\n\n\n\n<li>N\u00e4r jag \u00e4r med dig \u00e4r det enda st\u00e4llet jag vill vara n\u00e4rmare<\/li>\n\n\n\n<li>En g\u00e5ng i st\u00f6k, mitt i ett vanligt liv, ger k\u00e4rleken oss en saga. Du \u00e4r min.<\/li>\n\n\n\n<li>Att \u00e4lska dig \u00e4r det n\u00e4rmaste som finns till himlen<\/li>\n\n\n\n<li>Att vara med dig g\u00f6r att jag vill vara den b\u00e4sta versionen av mig jag kan vara\/Du f\u00e5r mig att vilja vara min b\u00e4sta version<\/li>\n\n\n\n<li>Du \u00e4r allt jag n\u00e5gonsin kan \u00f6nska mig och mer<\/li>\n<\/ul>\n\n\n\n<h2 class=\"wp-block-heading\">Citat<\/h2>\n\n\n\n<ul class=\"wp-block-list\">\n<li>You are the poem I never knew how to write and this life is the story I always wanted to tell <br>\u2013&nbsp;<em>Tyler Knott Gregson<\/em><\/li>\n\n\n\n<li>If I know what love is, it is because of you <br>\u2013&nbsp;<em>Herman Hesse<\/em><\/li>\n\n\n\n<li>You are what I never knew I always wanted\/wished for <br>\u2013&nbsp;<em>from \u201cFools rush in\u201d<\/em><\/li>\n\n\n\n<li>When I saw you I fell in love, and you smiled because you knew <br>\u2013<em>Arigo Boito<\/em><\/li>\n\n\n\n<li>To love a person is to learn the song that is in their heart and sing it to them when they have forgotten <br>\u2013&nbsp;<em>Thomas Chandler<\/em><\/li>\n\n\n\n<li>Love is not what the mind thinks, but what the heart feels <br>\u2013&nbsp;<em>Greg Evans<\/em><\/li>\n\n\n\n<li>Life is the flower for which love is the honey <br>\u2013&nbsp;<em>Victor Hugo<\/em><\/li>\n\n\n\n<li>Take love, multiply it by infinity and take it to the depths of forever\u2026and you still have only a glimpse of how I feel for you <br>\u2013&nbsp;<em>from \u201cMeet Joe Black\u201d<\/em><\/li>\n\n\n\n<li>There are only four questions of value in Life. What is sacred? Of what is the spirit made of? What is Worth living for? What is Worth dying for? The answer to each is the same. Only love. <br>\u2013&nbsp;<em>From \u201cDon Juan Demarco\u201d<\/em><\/li>\n\n\n\n<li>I would rather spend one lifetime with you than face all the ages of this world alone <br>\u2013&nbsp;<em>from \u201cLord of the rings\u201d<\/em><\/li>\n<\/ul>\n\n\n\n<h2 class=\"wp-block-heading\">Avslutningen<\/h2>\n\n\n\n<p>H\u00e4r \u00e4r n\u00e5gra f\u00f6rslag p\u00e5 hur du avslutar meddelandet:<\/p>\n\n\n\n<ul class=\"wp-block-list\">\n<li>All min k\u00e4rlek,<\/li>\n\n\n\n<li>\u00e4lskar dig,<\/li>\n\n\n\n<li>Alla dina,<\/li>\n\n\n\n<li>F\u00f6r alltid din,<\/li>\n\n\n\n<li>O\u00e4ndligt,<\/li>\n\n\n\n<li>passionerat,<\/li>\n\n\n\n<li>Verkligt,<\/li>\n\n\n\n<li>Tacksamt,<\/li>\n\n\n\n<li>Hela mitt hj\u00e4rta,<\/li>\n\n\n\n<li>Alltid och f\u00f6r alltid,<\/li>\n\n\n\n<li>Pussar och kramar,<\/li>\n\n\n\n<li>Pussar,<\/li>\n\n\n\n<li>XOXOXO,<\/li>\n<\/ul>\n\n\n\n<p>91&nbsp;\/&nbsp;5,000<\/p>\n\n\n\n<p>Lycka till och kom ih\u00e5g, h\u00e5ll det p\u00e5 riktigt.<br><a href=\"https:\/\/arvasweden.com\/sv\/butik\/\" data-type=\"page\" data-id=\"18\">Tack, nu vill jag leta efter fina smyckespresenter<\/a><\/p>\n<\/div>\n\n\n\n<div class=\"wp-block-column is-layout-flow wp-block-column-is-layout-flow\" style=\"flex-basis:33.33%\">\n<figure class=\"wp-block-image size-full\"><img loading=\"lazy\" decoding=\"async\" width=\"512\" height=\"806\" src=\"https:\/\/arvasweden.com\/wp-content\/uploads\/arva-sweden-gift-card.jpg\" alt=\"Gift Card\" class=\"wp-image-754\" srcset=\"https:\/\/arvasweden.com\/wp-content\/uploads\/arva-sweden-gift-card.jpg 512w, https:\/\/arvasweden.com\/wp-content\/uploads\/arva-sweden-gift-card-191x300.jpg 191w, https:\/\/arvasweden.com\/wp-content\/uploads\/arva-sweden-gift-card-64x101.jpg 64w\" sizes=\"auto, (max-width: 512px) 100vw, 512px\" \/><\/figure>\n<\/div>\n<\/div>\n","protected":false},"excerpt":{"rendered":"<p>F\u00f6r att komma ig\u00e5ng, t\u00e4nk p\u00e5 att beskriva hur det k\u00e4nns att vara med den personen, vad som g\u00e5r igenom ditt sinne n\u00e4r du ser honom eller henne. Deras skratt, leende, ber\u00f6ring, dina avsikter, engagemang, tacksamhet\u2026 Anv\u00e4nd ditt speciella smeknamn, komplimang f\u00f6r mottagarnas b\u00e4sta och unika egenskaper.Var specifik.Att vara uppm\u00e4rksam p\u00e5&nbsp;sm\u00e5 detaljer visar hur v\u00e4l [&hellip;]<\/p>\n","protected":false},"author":1,"featured_media":0,"parent":0,"menu_order":50,"comment_status":"closed","ping_status":"closed","template":"","meta":{"inline_featured_image":false,"footnotes":""},"class_list":["post-2621","page","type-page","status-publish","hentry"],"_links":{"self":[{"href":"https:\/\/arvasweden.com\/sv\/wp-json\/wp\/v2\/pages\/2621","targetHints":{"allow":["GET"]}}],"collection":[{"href":"https:\/\/arvasweden.com\/sv\/wp-json\/wp\/v2\/pages"}],"about":[{"href":"https:\/\/arvasweden.com\/sv\/wp-json\/wp\/v2\/types\/page"}],"author":[{"embeddable":true,"href":"https:\/\/arvasweden.com\/sv\/wp-json\/wp\/v2\/users\/1"}],"replies":[{"embeddable":true,"href":"https:\/\/arvasweden.com\/sv\/wp-json\/wp\/v2\/comments?post=2621"}],"version-history":[{"count":2,"href":"https:\/\/arvasweden.com\/sv\/wp-json\/wp\/v2\/pages\/2621\/revisions"}],"predecessor-version":[{"id":2623,"href":"https:\/\/arvasweden.com\/sv\/wp-json\/wp\/v2\/pages\/2621\/revisions\/2623"}],"wp:attachment":[{"href":"https:\/\/arvasweden.com\/sv\/wp-json\/wp\/v2\/media?parent=2621"}],"curies":[{"name":"wp","href":"https:\/\/api.w.org\/{rel}","templated":true}]}}