{"id":2624,"date":"2025-02-14T16:53:15","date_gmt":"2025-02-14T15:53:15","guid":{"rendered":"https:\/\/arvasweden.com.hemsida.eu\/?page_id=2624"},"modified":"2025-03-13T14:19:41","modified_gmt":"2025-03-13T13:19:41","slug":"vara-material","status":"publish","type":"page","link":"https:\/\/arvasweden.com\/sv\/vara-material\/","title":{"rendered":"V\u00e5ra material"},"content":{"rendered":"\n<div class=\"wp-block-columns are-vertically-aligned-center is-layout-flex wp-container-core-columns-is-layout-7abde1fe wp-block-columns-is-layout-flex\" style=\"padding-top:var(--wp--preset--spacing--40);padding-bottom:var(--wp--preset--spacing--40)\">\n<div class=\"wp-block-column is-vertically-aligned-center is-layout-flow wp-block-column-is-layout-flow\">\n<p>Vi tror p\u00e5 att anv\u00e4nda \u00e4kta, h\u00e5llbara metaller f\u00f6r att ge smycken s\u00e5 l\u00e5ng livsl\u00e4ngd som m\u00f6jligt. V\u00e5ra handgjutna smycken \u00e4r tillverkade av \u00e5tervunnet silver och guld (som anv\u00e4nds till guld-vermeilsmyckena)<\/p>\n\n\n\n<h2 class=\"wp-block-heading\">Silver<\/h2>\n\n\n\n<p>Sterling silver (925) \u00e4r en legering 92.5% silver och 7.5% koppar. V\u00e5ra silversmycken \u00e4r \u00f6verdragna med rodium f\u00f6r extra h\u00e5llbarhet och glans. De kan fortfarande oxidera, s\u00e4rskilt om du inte f\u00f6rvarar dem i en ask eller tygp\u00e5se n\u00e4r du inte anv\u00e4nder dem, men du kan enkelt f\u00e5 tillbaka glansen tillbaka genom att putsa upp dem med silverputs.<\/p>\n<\/div>\n\n\n\n<div class=\"wp-block-column is-vertically-aligned-center is-layout-flow wp-block-column-is-layout-flow\">\n<figure class=\"wp-block-image size-full\"><img loading=\"lazy\" decoding=\"async\" width=\"800\" height=\"380\" src=\"https:\/\/arvasweden.com\/wp-content\/uploads\/lookbook-compass-studs.jpg\" alt=\"Lookbook - Compass Studs\" class=\"wp-image-351\" srcset=\"https:\/\/arvasweden.com\/wp-content\/uploads\/lookbook-compass-studs.jpg 800w, https:\/\/arvasweden.com\/wp-content\/uploads\/lookbook-compass-studs-300x143.jpg 300w, https:\/\/arvasweden.com\/wp-content\/uploads\/lookbook-compass-studs-768x365.jpg 768w, https:\/\/arvasweden.com\/wp-content\/uploads\/lookbook-compass-studs-600x285.jpg 600w, https:\/\/arvasweden.com\/wp-content\/uploads\/lookbook-compass-studs-64x30.jpg 64w\" sizes=\"auto, (max-width: 800px) 100vw, 800px\" \/><\/figure>\n<\/div>\n<\/div>\n\n\n\n<div class=\"wp-block-columns are-vertically-aligned-top is-layout-flex wp-container-core-columns-is-layout-7abde1fe wp-block-columns-is-layout-flex\" style=\"padding-top:var(--wp--preset--spacing--40);padding-bottom:var(--wp--preset--spacing--40)\">\n<div class=\"wp-block-column is-vertically-aligned-top is-layout-flow wp-block-column-is-layout-flow\">\n<figure class=\"wp-block-image size-full\"><img loading=\"lazy\" decoding=\"async\" width=\"550\" height=\"360\" src=\"https:\/\/arvasweden.com\/wp-content\/uploads\/gold-compass-on-fur.jpg\" alt=\"Gold Compass on fur\" class=\"wp-image-759\" srcset=\"https:\/\/arvasweden.com\/wp-content\/uploads\/gold-compass-on-fur.jpg 550w, https:\/\/arvasweden.com\/wp-content\/uploads\/gold-compass-on-fur-300x196.jpg 300w, https:\/\/arvasweden.com\/wp-content\/uploads\/gold-compass-on-fur-64x42.jpg 64w\" sizes=\"auto, (max-width: 550px) 100vw, 550px\" \/><\/figure>\n<\/div>\n\n\n\n<div class=\"wp-block-column is-vertically-aligned-top is-layout-flow wp-block-column-is-layout-flow\">\n<h2 class=\"wp-block-heading\">Gold och gold-vermeil<\/h2>\n\n\n\n<p>Du kan g\u00f6ra en specialbest\u00e4llning av v\u00e5ra smycken i 18k guld, men f\u00f6r kunder som vill b\u00e4ra guld utan att betala alltf\u00f6r mycket, erbjuder vi det b\u00e4sta alternativet till guld: guld-vermeil. Det \u00e4r en h\u00f6gkvalitativ, tjock guldpl\u00e4tering. V\u00e5ra guld-vermeilsmycken har ett&nbsp;<strong>3 microner tjockt<\/strong>&nbsp;<strong>18k guldlager&nbsp;<\/strong>f\u00f6r extra h\u00e5llbarhet.<\/p>\n\n\n\n<p>F\u00f6r att f\u00e5 kallas guld-vermeil m\u00e5ste den ha ett ett relativt tjockt lager av minst 10k guld p\u00e5 silver. Reglerna \u00e4r olika i olika l\u00e4nder, men exempelvis i Kanada kr\u00e4vs 1.0 micron och i USA 2.5 microner tjockt lager f\u00f6r att f\u00e5 kallas guld-vermeil.<\/p>\n<\/div>\n<\/div>\n\n\n\n<div class=\"wp-block-columns is-layout-flex wp-container-core-columns-is-layout-7abde1fe wp-block-columns-is-layout-flex\" style=\"padding-top:var(--wp--preset--spacing--40);padding-bottom:var(--wp--preset--spacing--40)\">\n<div class=\"wp-block-column is-layout-flow wp-block-column-is-layout-flow\">\n<h2 class=\"wp-block-heading\">Vad \u00e4r skillnaden mot vanlig guldpl\u00e4tering?<\/h2>\n\n\n\n<p>Vanlig guldpl\u00e4tering har ett tunt lager guld, som l\u00e4tt skavs av. Guldpl\u00e4terade smycken har oftast en k\u00e4rna av m\u00e4ssing, koppar eller rostfritt st\u00e5l i st\u00e4llet f\u00f6r silver och det r\u00e4cker med 0.5 microner f\u00f6r att f\u00e5 kallas guldpl\u00e4terat. (En micron \u00e4r 1\/1000 millimeter.) Har den ett tunnare lager kallas det p\u00e5 engelska f\u00f6r \u201dgold flashed\u201d eller \u201dgold washed\u201d.<\/p>\n\n\n\n<p>V\u00e4lj guld-vermeil om du vill ha ett h\u00e5llbart smycke, men du beh\u00f6ver fortfarande v\u00e5rda det. Ta av det n\u00e4r du duschar eller simmar, sov inte med det och n\u00e4r du inte har det p\u00e5 dig, f\u00f6rvara den i en ask eller tygp\u00e5se. Om du verkligen vill behandla det riktigt v\u00e4l, torka av det med en trasa p\u00e5 kv\u00e4llen f\u00f6r att f\u00e5 bort oljor och andra avlagringar fr\u00e5n kroppen.<\/p>\n<\/div>\n\n\n\n<div class=\"wp-block-column is-layout-flow wp-block-column-is-layout-flow\">\n<figure class=\"wp-block-image size-full\"><img loading=\"lazy\" decoding=\"async\" width=\"550\" height=\"360\" src=\"https:\/\/arvasweden.com\/wp-content\/uploads\/gold-compass-model.jpg\" alt=\"Gold Compass Model\" class=\"wp-image-762\" srcset=\"https:\/\/arvasweden.com\/wp-content\/uploads\/gold-compass-model.jpg 550w, https:\/\/arvasweden.com\/wp-content\/uploads\/gold-compass-model-300x196.jpg 300w, https:\/\/arvasweden.com\/wp-content\/uploads\/gold-compass-model-64x42.jpg 64w\" sizes=\"auto, (max-width: 550px) 100vw, 550px\" \/><\/figure>\n<\/div>\n<\/div>\n","protected":false},"excerpt":{"rendered":"<p>Vi tror p\u00e5 att anv\u00e4nda \u00e4kta, h\u00e5llbara metaller f\u00f6r att ge smycken s\u00e5 l\u00e5ng livsl\u00e4ngd som m\u00f6jligt. V\u00e5ra handgjutna smycken \u00e4r tillverkade av \u00e5tervunnet silver och guld (som anv\u00e4nds till guld-vermeilsmyckena) Silver Sterling silver (925) \u00e4r en legering 92.5% silver och 7.5% koppar. V\u00e5ra silversmycken \u00e4r \u00f6verdragna med rodium f\u00f6r extra h\u00e5llbarhet och glans. De [&hellip;]<\/p>\n","protected":false},"author":1,"featured_media":0,"parent":0,"menu_order":52,"comment_status":"closed","ping_status":"closed","template":"","meta":{"inline_featured_image":false,"footnotes":""},"class_list":["post-2624","page","type-page","status-publish","hentry"],"_links":{"self":[{"href":"https:\/\/arvasweden.com\/sv\/wp-json\/wp\/v2\/pages\/2624","targetHints":{"allow":["GET"]}}],"collection":[{"href":"https:\/\/arvasweden.com\/sv\/wp-json\/wp\/v2\/pages"}],"about":[{"href":"https:\/\/arvasweden.com\/sv\/wp-json\/wp\/v2\/types\/page"}],"author":[{"embeddable":true,"href":"https:\/\/arvasweden.com\/sv\/wp-json\/wp\/v2\/users\/1"}],"replies":[{"embeddable":true,"href":"https:\/\/arvasweden.com\/sv\/wp-json\/wp\/v2\/comments?post=2624"}],"version-history":[{"count":1,"href":"https:\/\/arvasweden.com\/sv\/wp-json\/wp\/v2\/pages\/2624\/revisions"}],"predecessor-version":[{"id":2625,"href":"https:\/\/arvasweden.com\/sv\/wp-json\/wp\/v2\/pages\/2624\/revisions\/2625"}],"wp:attachment":[{"href":"https:\/\/arvasweden.com\/sv\/wp-json\/wp\/v2\/media?parent=2624"}],"curies":[{"name":"wp","href":"https:\/\/api.w.org\/{rel}","templated":true}]}}