{"id":2631,"date":"2025-02-14T16:52:26","date_gmt":"2025-02-14T15:52:26","guid":{"rendered":"https:\/\/arvasweden.com.hemsida.eu\/?page_id=2631"},"modified":"2025-10-07T12:54:50","modified_gmt":"2025-10-07T10:54:50","slug":"aterforsaljare","status":"publish","type":"page","link":"https:\/\/arvasweden.com\/sv\/aterforsaljare\/","title":{"rendered":"\u00c5terf\u00f6rs\u00e4ljare"},"content":{"rendered":"\n<div class=\"wp-block-columns is-layout-flex wp-container-core-columns-is-layout-28f84493 wp-block-columns-is-layout-flex\">\n<div class=\"wp-block-column is-layout-flow wp-block-column-is-layout-flow\">\n<h2 class=\"wp-block-heading\">USA<\/h2>\n\n\n\n<p><strong>Scandinavia House<\/strong><br>Park Ave 56<br>New York, NY<\/p>\n\n\n\n<p><strong>Little Viking Shop<\/strong><br>817 W Harbor Dr<br>San Diego, CA<\/p>\n<\/div>\n\n\n\n<div class=\"wp-block-column is-layout-flow wp-block-column-is-layout-flow\">\n<h2 class=\"wp-block-heading\">Sverige<\/h2>\n\n\n\n<p><strong>Selected Vintage<\/strong><br>Djursholms torg<br>Djursholm (Stockholm)<\/p>\n\n\n\n<p><strong>Barnens handelsbod<br><\/strong>S\u00f6derv\u00e4gen 1\/Viggbyholms station<br>T\u00e4by \u00a0(Stockholm)<\/p>\n<\/div>\n<\/div>\n","protected":false},"excerpt":{"rendered":"<p>USA Scandinavia HousePark Ave 56New York, NY Little Viking Shop817 W Harbor DrSan Diego, CA Sverige Selected VintageDjursholms torgDjursholm (Stockholm) Barnens handelsbodS\u00f6derv\u00e4gen 1\/Viggbyholms stationT\u00e4by \u00a0(Stockholm)<\/p>\n","protected":false},"author":1,"featured_media":0,"parent":0,"menu_order":53,"comment_status":"closed","ping_status":"closed","template":"","meta":{"inline_featured_image":false,"footnotes":""},"class_list":["post-2631","page","type-page","status-publish","hentry"],"_links":{"self":[{"href":"https:\/\/arvasweden.com\/sv\/wp-json\/wp\/v2\/pages\/2631","targetHints":{"allow":["GET"]}}],"collection":[{"href":"https:\/\/arvasweden.com\/sv\/wp-json\/wp\/v2\/pages"}],"about":[{"href":"https:\/\/arvasweden.com\/sv\/wp-json\/wp\/v2\/types\/page"}],"author":[{"embeddable":true,"href":"https:\/\/arvasweden.com\/sv\/wp-json\/wp\/v2\/users\/1"}],"replies":[{"embeddable":true,"href":"https:\/\/arvasweden.com\/sv\/wp-json\/wp\/v2\/comments?post=2631"}],"version-history":[{"count":2,"href":"https:\/\/arvasweden.com\/sv\/wp-json\/wp\/v2\/pages\/2631\/revisions"}],"predecessor-version":[{"id":2763,"href":"https:\/\/arvasweden.com\/sv\/wp-json\/wp\/v2\/pages\/2631\/revisions\/2763"}],"wp:attachment":[{"href":"https:\/\/arvasweden.com\/sv\/wp-json\/wp\/v2\/media?parent=2631"}],"curies":[{"name":"wp","href":"https:\/\/api.w.org\/{rel}","templated":true}]}}