{"id":795,"date":"2025-02-14T12:39:29","date_gmt":"2025-02-14T11:39:29","guid":{"rendered":"https:\/\/arvasweden.com.hemsida.eu\/?page_id=795"},"modified":"2025-02-18T20:05:45","modified_gmt":"2025-02-18T19:05:45","slug":"cookies","status":"publish","type":"page","link":"https:\/\/arvasweden.com\/sv\/cookies\/","title":{"rendered":"Cookies"},"content":{"rendered":"\n<p>P\u00e5 arvasweden.com&nbsp;anv\u00e4nds cookies. Genom att anv\u00e4nda denna webbplats ger du ditt samtycke till v\u00e5r anv\u00e4ndning av cookies samt insamling och anv\u00e4ndning av information som vi f\u00e5r genom din anv\u00e4ndning av webbplatsen.<\/p>\n\n\n\n<p>Cookies \u00e4r sm\u00e5 textfiler som lagras p\u00e5 din dator och anv\u00e4nds f\u00f6r att f\u00f6lja vad du g\u00f6r p\u00e5 webbplatsen. Den insamlade informationen syftar fr\u00e4mst till att utveckla webbplatsen och dess prestanda. Observera att cookien inte kan identifiera dig personligen, utan endast den webbl\u00e4sare som finns installerad p\u00e5 din dator, surfplatta eller mobil som du anv\u00e4nder vid bes\u00f6ket Det finns tv\u00e5 typer av cookies; permanenta cookies och session cookies.<\/p>\n\n\n\n<h2 class=\"wp-block-heading\">Permanenta cookies<\/h2>\n\n\n\n<p>En permanent cookie ligger kvar p\u00e5 bes\u00f6karens dator under en best\u00e4md tid. P\u00e5 arvasweden.com anv\u00e4nds dessa f\u00f6r att f\u00f6rb\u00e4ttra webbplatsen genom att f\u00e5 statistik hur en bes\u00f6kare anv\u00e4nder webbplatsen, till exempel vilka artiklar som l\u00e4ses mest och hur anv\u00e4ndare r\u00f6r sig i navigeringen. Statistiken kan \u00e4ven kan handla om dig, dina intressen eller din internetenhet (dator, surfplatta eller mobil) och anv\u00e4nds i huvudsak f\u00f6r att webbplatsen ska fungera som du f\u00f6rv\u00e4ntar dig.<\/p>\n\n\n\n<h2 class=\"wp-block-heading\">Session cookies<\/h2>\n\n\n\n<p>En session cookie lagras tillf\u00e4lligt i datorns minne under tiden en bes\u00f6kare \u00e4r inne p\u00e5 en webbsida. Session cookies f\u00f6rsvinner n\u00e4r du st\u00e4nger din webbl\u00e4sare. P\u00e5 denna webbplats anv\u00e4nds session cookies f\u00f6r att hantera information som du l\u00e4mnar n\u00e4r du anv\u00e4nder arvasweden.com\u2019s&nbsp;tj\u00e4nster.<\/p>\n\n\n\n<h2 class=\"wp-block-heading\">V\u00e4lja bort cookies<\/h2>\n\n\n\n<p>Om du inte accepterar att cookies anv\u00e4nds kan du st\u00e4nga av cookies i din webbl\u00e4sares s\u00e4kerhetsinst\u00e4llningar. H\u00e4r finns viss information om hur du kan&nbsp;<a href=\"http:\/\/cookiepedia.co.uk\/how-to-manage-cookies\" target=\"_blank\" rel=\"noreferrer noopener\">hantera cookies f\u00f6r olika webbl\u00e4sare<\/a>. Du kan \u00e4ven st\u00e4lla in webbl\u00e4saren s\u00e5 att du f\u00e5r en fr\u00e5ga varje g\u00e5ng webbplatsen f\u00f6rs\u00f6ker placera en cookie p\u00e5 din dator. Genom webbl\u00e4saren kan ocks\u00e5 tidigare lagrade cookies raderas, se webbl\u00e4sarens hj\u00e4lpsidor f\u00f6r mer information.<\/p>\n\n\n\n<p>Post- och telestyrelsen \u00e4r tillsynsmyndighet p\u00e5 omr\u00e5det, l\u00e4s g\u00e4rna mer om cookies p\u00e5 deras&nbsp;<a href=\"http:\/\/www.pts.se\/\" target=\"_blank\" rel=\"noreferrer noopener\">webbplats<\/a>.<\/p>\n\n\n\n<h2 class=\"wp-block-heading\">Analysverktyg f\u00f6r webbstatistik<\/h2>\n\n\n\n<p>Arvasweden.com anv\u00e4nder Google Analytics som ett hj\u00e4lpmedel f\u00f6r att f\u00e5 en bild av hur bes\u00f6kare anv\u00e4nder webbplatsen. Analysverktyget anv\u00e4nder cookies och informationen som genereras av dessa genom din anv\u00e4ndning av webbplatsen (inklusive din IP-adress) kommer att vidarebefordras till och lagras av Google p\u00e5 servrar i USA. Denna information anv\u00e4nds i syfte att samla in information om bes\u00f6karna, s\u00e5 som demografisk data, och utv\u00e4rdera bes\u00f6ksstatistik, exempelvis f\u00f6r att f\u00f6rb\u00e4ttra inneh\u00e5ll, navigation och struktur. Google kan ocks\u00e5 \u00f6verf\u00f6ra denna information till tredje parter om det kr\u00e4vs enligt lag eller i de fall en tredje part behandlar informationen f\u00f6r Googles r\u00e4kning. Google kommer inte att koppla samman IP-adresser med andra data som Google innehar.<\/p>\n\n\n\n<p>Om du inte vill att dina bes\u00f6k p\u00e5 arvasweden.com&nbsp;ska visas i statistiken i Google Analytics finns det ett till\u00e4gg som du kan installera i din webbl\u00e4sare. Till\u00e4gget h\u00e4mtar du p\u00e5&nbsp;<a href=\"https:\/\/tools.google.com\/dlpage\/gaoptout\" target=\"_blank\" rel=\"noreferrer noopener\">Googles webbplats<\/a>. Du kan ocks\u00e5 neka anv\u00e4ndningen av cookies (se ovan) genom att v\u00e4lja vissa inst\u00e4llningar i webbl\u00e4saren.<\/p>\n\n\n\n<h2 class=\"wp-block-heading\">Om webbplatsen<\/h2>\n\n\n\n<p>Webbplatsen \u00e4r producerad av&nbsp;<a href=\"http:\/\/goldlife.se\/\" target=\"_blank\" rel=\"noreferrer noopener\">GoldLife AB<\/a>&nbsp;och anv\u00e4nder moderna tekniker och l\u00f6sningar som t.ex.&nbsp;<a href=\"http:\/\/www.goldlife.se\/wordpress\/\" target=\"_blank\" rel=\"noreferrer noopener\">WordPress<\/a>&nbsp;som publiceringsplattform och responsive design f\u00f6r att anpassa utseendet f\u00f6r olika plattformar och sk\u00e4rmuppl\u00f6sningar.<\/p>\n","protected":false},"excerpt":{"rendered":"<p>P\u00e5 arvasweden.com&nbsp;anv\u00e4nds cookies. Genom att anv\u00e4nda denna webbplats ger du ditt samtycke till v\u00e5r anv\u00e4ndning av cookies samt insamling och anv\u00e4ndning av information som vi f\u00e5r genom din anv\u00e4ndning av webbplatsen. Cookies \u00e4r sm\u00e5 textfiler som lagras p\u00e5 din dator och anv\u00e4nds f\u00f6r att f\u00f6lja vad du g\u00f6r p\u00e5 webbplatsen. Den insamlade informationen syftar fr\u00e4mst [&hellip;]<\/p>\n","protected":false},"author":1,"featured_media":0,"parent":0,"menu_order":80,"comment_status":"closed","ping_status":"closed","template":"","meta":{"inline_featured_image":false,"footnotes":""},"class_list":["post-795","page","type-page","status-publish","hentry"],"_links":{"self":[{"href":"https:\/\/arvasweden.com\/sv\/wp-json\/wp\/v2\/pages\/795","targetHints":{"allow":["GET"]}}],"collection":[{"href":"https:\/\/arvasweden.com\/sv\/wp-json\/wp\/v2\/pages"}],"about":[{"href":"https:\/\/arvasweden.com\/sv\/wp-json\/wp\/v2\/types\/page"}],"author":[{"embeddable":true,"href":"https:\/\/arvasweden.com\/sv\/wp-json\/wp\/v2\/users\/1"}],"replies":[{"embeddable":true,"href":"https:\/\/arvasweden.com\/sv\/wp-json\/wp\/v2\/comments?post=795"}],"version-history":[{"count":1,"href":"https:\/\/arvasweden.com\/sv\/wp-json\/wp\/v2\/pages\/795\/revisions"}],"predecessor-version":[{"id":797,"href":"https:\/\/arvasweden.com\/sv\/wp-json\/wp\/v2\/pages\/795\/revisions\/797"}],"wp:attachment":[{"href":"https:\/\/arvasweden.com\/sv\/wp-json\/wp\/v2\/media?parent=795"}],"curies":[{"name":"wp","href":"https:\/\/api.w.org\/{rel}","templated":true}]}}