{"id":798,"date":"2025-02-14T16:51:45","date_gmt":"2025-02-14T15:51:45","guid":{"rendered":"https:\/\/arvasweden.com.hemsida.eu\/?page_id=798"},"modified":"2025-03-13T14:39:10","modified_gmt":"2025-03-13T13:39:10","slug":"att-skota-om-ditt-smycke","status":"publish","type":"page","link":"https:\/\/arvasweden.com\/sv\/att-skota-om-ditt-smycke\/","title":{"rendered":"Att sk\u00f6ta om ditt smycke"},"content":{"rendered":"\n<div class=\"wp-block-columns is-layout-flex wp-container-core-columns-is-layout-28f84493 wp-block-columns-is-layout-flex\">\n<div class=\"wp-block-column is-layout-flow wp-block-column-is-layout-flow\" style=\"flex-basis:66.66%\">\n<p>Om du tar v\u00e4l hand om ditt smycke, kommer det att sk\u00e4nka dig gl\u00e4dje i m\u00e5nga \u00e5r. Genom att sk\u00f6ta om det och reng\u00f6ra det d\u00e5 och d\u00e5 h\u00e5ller det sig fint l\u00e4ngre. Anv\u00e4nd diskmedel och en mjuk trasa, och undvik klor- eller saltvatten eftersom detta mattar av glansen. Detsamma g\u00e4ller \u00e4ven t.ex. parfym och lotion.<\/p>\n\n\n\n<p>Det \u00e4r naturligt att silversmycken \u00e4ndrar f\u00e4rg (oxiderar) med tiden. Det kan f\u00e5 en gulaktig ton eller m\u00f6rkna.&nbsp; B\u00e4sta s\u00e4ttet att f\u00f6rhindra det \u00e4r att inte l\u00e5ta smycket ligga oskyddat i n\u00e4r du inte anv\u00e4nder det. S\u00e5 snart du ser begynnande oxidering, anv\u00e4nd ett speciellt silverputs eller en preparerad reng\u00f6ringsduk f\u00f6r att f\u00e5 tillbaka r\u00e4tta lystern. Anv\u00e4nd aldrig tandkr\u00e4m f\u00f6r att reng\u00f6ra silver. Det kan repa ditt smycke.<\/p>\n\n\n\n<p>Vi rekommenderar att du tar av dig smyckena innan du g\u00e5r till s\u00e4ngs eller deltar i fysiska aktiviteter.<\/p>\n\n\n\n<p>F\u00f6rvara det i den p\u00e5se eller l\u00e5da det levererades i, skyddad fr\u00e5n andra smycken eller andra f\u00f6rem\u00e5l som kan repa det.<\/p>\n<\/div>\n\n\n\n<div class=\"wp-block-column is-layout-flow wp-block-column-is-layout-flow\" style=\"flex-basis:33.33%\">\n<figure class=\"wp-block-image size-full\"><img loading=\"lazy\" decoding=\"async\" width=\"366\" height=\"517\" src=\"https:\/\/arvasweden.com\/wp-content\/uploads\/care-instructions-satin-bag.jpg\" alt=\"Care Instructions satin bag\" class=\"wp-image-765\" srcset=\"https:\/\/arvasweden.com\/wp-content\/uploads\/care-instructions-satin-bag.jpg 366w, https:\/\/arvasweden.com\/wp-content\/uploads\/care-instructions-satin-bag-212x300.jpg 212w, https:\/\/arvasweden.com\/wp-content\/uploads\/care-instructions-satin-bag-64x90.jpg 64w\" sizes=\"auto, (max-width: 366px) 100vw, 366px\" \/><\/figure>\n<\/div>\n<\/div>\n","protected":false},"excerpt":{"rendered":"<p>Om du tar v\u00e4l hand om ditt smycke, kommer det att sk\u00e4nka dig gl\u00e4dje i m\u00e5nga \u00e5r. Genom att sk\u00f6ta om det och reng\u00f6ra det d\u00e5 och d\u00e5 h\u00e5ller det sig fint l\u00e4ngre. Anv\u00e4nd diskmedel och en mjuk trasa, och undvik klor- eller saltvatten eftersom detta mattar av glansen. Detsamma g\u00e4ller \u00e4ven t.ex. parfym och [&hellip;]<\/p>\n","protected":false},"author":1,"featured_media":0,"parent":0,"menu_order":51,"comment_status":"closed","ping_status":"closed","template":"","meta":{"inline_featured_image":false,"footnotes":""},"class_list":["post-798","page","type-page","status-publish","hentry"],"_links":{"self":[{"href":"https:\/\/arvasweden.com\/sv\/wp-json\/wp\/v2\/pages\/798","targetHints":{"allow":["GET"]}}],"collection":[{"href":"https:\/\/arvasweden.com\/sv\/wp-json\/wp\/v2\/pages"}],"about":[{"href":"https:\/\/arvasweden.com\/sv\/wp-json\/wp\/v2\/types\/page"}],"author":[{"embeddable":true,"href":"https:\/\/arvasweden.com\/sv\/wp-json\/wp\/v2\/users\/1"}],"replies":[{"embeddable":true,"href":"https:\/\/arvasweden.com\/sv\/wp-json\/wp\/v2\/comments?post=798"}],"version-history":[{"count":2,"href":"https:\/\/arvasweden.com\/sv\/wp-json\/wp\/v2\/pages\/798\/revisions"}],"predecessor-version":[{"id":801,"href":"https:\/\/arvasweden.com\/sv\/wp-json\/wp\/v2\/pages\/798\/revisions\/801"}],"wp:attachment":[{"href":"https:\/\/arvasweden.com\/sv\/wp-json\/wp\/v2\/media?parent=798"}],"curies":[{"name":"wp","href":"https:\/\/api.w.org\/{rel}","templated":true}]}}