{"id":803,"date":"2025-02-14T16:43:10","date_gmt":"2025-02-14T15:43:10","guid":{"rendered":"https:\/\/arvasweden.com.hemsida.eu\/?page_id=803"},"modified":"2025-02-18T20:12:18","modified_gmt":"2025-02-18T19:12:18","slug":"kop-frakt","status":"publish","type":"page","link":"https:\/\/arvasweden.com\/sv\/kop-frakt\/","title":{"rendered":"K\u00f6p &amp; Frakt"},"content":{"rendered":"\n<h2 class=\"wp-block-heading\">K\u00f6pinformation<\/h2>\n\n\n\n<p>N\u00e4r du handlar fr\u00e5n v\u00e5r webbshop kan du inom Sverige v\u00e4lja att betala med Swish, PayPal eller VISA\/Mastercard\/AMEX. F\u00f6r kunder utanf\u00f6r Sverige kan vi f\u00f6r tillf\u00e4llet erbjuda betalning via PayPal (VISA\/Mastercard\/AMEX). V\u00e4nligen notera att butikens priser visas inklusive svensk moms f\u00f6r alla valutor. Handlar du fr\u00e5n ett land utanf\u00f6r EU dras momsen p\u00e5 varan bort i kassan. I detta fall kan lokala skatter och tullavgifter tillkomma. Dessa tas ut av lokala myndigheter, vanligtvis genom fraktbolaget.<\/p>\n\n\n\n<p>Efter genomf\u00f6rt k\u00f6p kommer du f\u00e5 ett bekr\u00e4ftelsemail till den mail-adress du angivit.\u00a0F\u00f6rutsatt att varan finns i lager, skickas den inom 2 dagar.\u00a0 Du f\u00e5r sedan ett nytt mail med meddelande om att varan skickats.<\/p>\n\n\n\n<h2 class=\"wp-block-heading\">Frakt<\/h2>\n\n\n\n<p>Smyckena skickas med rekommenderat brev till alla l\u00e4nder.<\/p>\n","protected":false},"excerpt":{"rendered":"<p>K\u00f6pinformation N\u00e4r du handlar fr\u00e5n v\u00e5r webbshop kan du inom Sverige v\u00e4lja att betala med Swish, PayPal eller VISA\/Mastercard\/AMEX. F\u00f6r kunder utanf\u00f6r Sverige kan vi f\u00f6r tillf\u00e4llet erbjuda betalning via PayPal (VISA\/Mastercard\/AMEX). V\u00e4nligen notera att butikens priser visas inklusive svensk moms f\u00f6r alla valutor. Handlar du fr\u00e5n ett land utanf\u00f6r EU dras momsen p\u00e5 varan [&hellip;]<\/p>\n","protected":false},"author":1,"featured_media":0,"parent":0,"menu_order":82,"comment_status":"closed","ping_status":"closed","template":"","meta":{"inline_featured_image":false,"footnotes":""},"class_list":["post-803","page","type-page","status-publish","hentry"],"_links":{"self":[{"href":"https:\/\/arvasweden.com\/sv\/wp-json\/wp\/v2\/pages\/803","targetHints":{"allow":["GET"]}}],"collection":[{"href":"https:\/\/arvasweden.com\/sv\/wp-json\/wp\/v2\/pages"}],"about":[{"href":"https:\/\/arvasweden.com\/sv\/wp-json\/wp\/v2\/types\/page"}],"author":[{"embeddable":true,"href":"https:\/\/arvasweden.com\/sv\/wp-json\/wp\/v2\/users\/1"}],"replies":[{"embeddable":true,"href":"https:\/\/arvasweden.com\/sv\/wp-json\/wp\/v2\/comments?post=803"}],"version-history":[{"count":1,"href":"https:\/\/arvasweden.com\/sv\/wp-json\/wp\/v2\/pages\/803\/revisions"}],"predecessor-version":[{"id":805,"href":"https:\/\/arvasweden.com\/sv\/wp-json\/wp\/v2\/pages\/803\/revisions\/805"}],"wp:attachment":[{"href":"https:\/\/arvasweden.com\/sv\/wp-json\/wp\/v2\/media?parent=803"}],"curies":[{"name":"wp","href":"https:\/\/api.w.org\/{rel}","templated":true}]}}