{"id":806,"date":"2023-10-14T20:18:35","date_gmt":"2023-10-14T18:18:35","guid":{"rendered":"https:\/\/arvasweden.com.hemsida.eu\/?page_id=806"},"modified":"2025-02-18T20:14:33","modified_gmt":"2025-02-18T19:14:33","slug":"integritetspolicy","status":"publish","type":"page","link":"https:\/\/arvasweden.com\/sv\/integritetspolicy\/","title":{"rendered":"Integritetspolicy"},"content":{"rendered":"\n<p>V\u00e4nligen l\u00e4s denna integritetspolicy noggrant eftersom anv\u00e4ndandet av denna webbsida inneb\u00e4r att du ger ditt samtycke till detta inneh\u00e5ll. Skyddet av din personliga integritet \u00e4r av st\u00f6rsta betydelse n\u00e4r vi behandlar dina personuppgifter. V\u00e5r \u00f6nskan \u00e4r att du alltid ska k\u00e4nna dig trygg i din relation till oss och med hur vi hanterar dina personuppgifter. Vi ser d\u00e4rf\u00f6r alltid till att behandla den information som du l\u00e4mnar till oss p\u00e5 ett korrekt s\u00e4tt med iakttagande av till\u00e4mpliga best\u00e4mmelser om sekretess och behandling av personuppgifter.<\/p>\n\n\n\n<p>F\u00f6r att kunna anv\u00e4nda v\u00e5r webbshop m\u00e5ste du ge information om ditt namn,&nbsp;e-postadress, leveransadress, och&nbsp;i det fall d\u00e4r kreditkort ska anv\u00e4ndas som betalningsmedel, kreditkortsnummer och&nbsp;utg\u00e5ngsdatum. Denna&nbsp;information anv\u00e4nds enbart f\u00f6r att&nbsp;ta hand om din order och kommer bara att kommuniceras till&nbsp;fraktf\u00f6retaget eller andra tredjepartspartners d\u00e5 detta \u00e4r n\u00f6dv\u00e4ndigt f\u00f6r att kunna slutf\u00f6ra ordern. Genom att&nbsp;tillhandah\u00e5lla&nbsp;information till oss, ger du ditt medgivande till&nbsp; anv\u00e4ndandet av den och till\u00e5ter oss att g\u00f6ra v\u00e5ra tj\u00e4nster&nbsp;tillg\u00e4ngliga f\u00f6r dig. Vi kommer inte att s\u00e4lja eller dela med oss av dina personliga uppgifter till tredje part om du inte gett oss&nbsp;ditt tillst\u00e5nd eller om vi genom lagtv\u00e5ng&nbsp;m\u00e5ste g\u00f6ra detta. Arva Swedens webbsida kan inneh\u00e5lla l\u00e4nkar till andra sidor som inte t\u00e4cks av denna dataskyddsdeklaration.<\/p>\n\n\n\n<h2 class=\"wp-block-heading\">Cookies<\/h2>\n\n\n\n<p>Denna webbsida anv\u00e4nder\u00a0cookies, som lagras av din webbl\u00e4sare p\u00e5 din dator. Cookies anv\u00e4nds vid orderl\u00e4ggning f\u00f6r att spara information om dina ordrar. Annan information som ocks\u00e5 lagras \u00e4r exempelvis dina inst\u00e4llningar f\u00f6r din dator och andra preferenser du st\u00e4llt in f\u00f6r att underl\u00e4tta\u00a0ditt n\u00e4sta bes\u00f6k hos oss. Du kan st\u00e4lla in din webbl\u00e4sare till att inte till\u00e5ta cookies under ditt bes\u00f6k p\u00e5 v\u00e5r webbsida.<\/p>\n","protected":false},"excerpt":{"rendered":"<p>V\u00e4nligen l\u00e4s denna integritetspolicy noggrant eftersom anv\u00e4ndandet av denna webbsida inneb\u00e4r att du ger ditt samtycke till detta inneh\u00e5ll. Skyddet av din personliga integritet \u00e4r av st\u00f6rsta betydelse n\u00e4r vi behandlar dina personuppgifter. V\u00e5r \u00f6nskan \u00e4r att du alltid ska k\u00e4nna dig trygg i din relation till oss och med hur vi hanterar dina personuppgifter. [&hellip;]<\/p>\n","protected":false},"author":1,"featured_media":0,"parent":0,"menu_order":81,"comment_status":"closed","ping_status":"closed","template":"","meta":{"inline_featured_image":false,"footnotes":""},"class_list":["post-806","page","type-page","status-publish","hentry"],"_links":{"self":[{"href":"https:\/\/arvasweden.com\/sv\/wp-json\/wp\/v2\/pages\/806","targetHints":{"allow":["GET"]}}],"collection":[{"href":"https:\/\/arvasweden.com\/sv\/wp-json\/wp\/v2\/pages"}],"about":[{"href":"https:\/\/arvasweden.com\/sv\/wp-json\/wp\/v2\/types\/page"}],"author":[{"embeddable":true,"href":"https:\/\/arvasweden.com\/sv\/wp-json\/wp\/v2\/users\/1"}],"replies":[{"embeddable":true,"href":"https:\/\/arvasweden.com\/sv\/wp-json\/wp\/v2\/comments?post=806"}],"version-history":[{"count":2,"href":"https:\/\/arvasweden.com\/sv\/wp-json\/wp\/v2\/pages\/806\/revisions"}],"predecessor-version":[{"id":808,"href":"https:\/\/arvasweden.com\/sv\/wp-json\/wp\/v2\/pages\/806\/revisions\/808"}],"wp:attachment":[{"href":"https:\/\/arvasweden.com\/sv\/wp-json\/wp\/v2\/media?parent=806"}],"curies":[{"name":"wp","href":"https:\/\/api.w.org\/{rel}","templated":true}]}}