{"id":810,"date":"2025-02-14T16:45:23","date_gmt":"2025-02-14T15:45:23","guid":{"rendered":"https:\/\/arvasweden.com.hemsida.eu\/?page_id=810"},"modified":"2025-02-18T20:16:24","modified_gmt":"2025-02-18T19:16:24","slug":"returer-byten","status":"publish","type":"page","link":"https:\/\/arvasweden.com\/sv\/returer-byten\/","title":{"rendered":"Returer &amp; Byten"},"content":{"rendered":"\n<p>Var v\u00e4nlig notera att produkterna inte \u00e4r maskintillverkade utan handgjutna och kan ha mycket sm\u00e5 sk\u00f6nhetsfel.&nbsp;&nbsp;Om du av n\u00e5gon anledning inte \u00e4r n\u00f6jd med ditt k\u00f6p, skicka tillbaka produkten inom tv\u00e5 (2) veckor s\u00e5 f\u00e5r du&nbsp;pengarna tillbaka eller ett annat smycke. Skicka din returvara till adressen nedan. F\u00f6r att kunna behandla och fullborda din retur, kr\u00e4vs att kvitto eller bevis p\u00e5 k\u00f6p kan uppvisas. Var v\u00e4nlig bifoga \u00e4ven den f\u00f6ljesedel som kom med din artikel eller en anteckning med ditt namn, adress och orsak till returen. N\u00e4r vi&nbsp; har mottagit returen, kommer vi att snarast behandla din \u00e5terbetalning eller ditt byte. F\u00f6r returnerade artiklar som k\u00f6pts mer \u00e4n tv\u00e5 veckor tidigare, utf\u00e4rdar vi en varukredit p\u00e5 ink\u00f6pspriset som kan l\u00f6sas in genom att kontakta oss.<\/p>\n\n\n\n<p><strong>OBS!<\/strong>&nbsp;Specialbest\u00e4llda artiklar kan inte \u00e5tertas om de inte \u00e4r skadade eller felaktiga. En order p\u00e5 specialbest\u00e4llda artiklar kan inte heller annulleras, s\u00e5 var v\u00e4nlig kontrollera din order noggrant.<\/p>\n\n\n\n<p>Normalt slitage, felaktig anv\u00e4ndning och avmattad glans \u00e4r inte godtagbara orsaker f\u00f6r retur. Skador p\u00e5 grund av olyckor, missk\u00f6tsel (slag, ryck, st\u00f6tar, krossning etc.) t\u00e4cks inte av v\u00e5r garanti.<\/p>\n\n\n\n<p><strong>Adress<\/strong><br>Arva Sweden<br>Box 4033<br>182 04 Enebyberg<\/p>\n","protected":false},"excerpt":{"rendered":"<p>Var v\u00e4nlig notera att produkterna inte \u00e4r maskintillverkade utan handgjutna och kan ha mycket sm\u00e5 sk\u00f6nhetsfel.&nbsp;&nbsp;Om du av n\u00e5gon anledning inte \u00e4r n\u00f6jd med ditt k\u00f6p, skicka tillbaka produkten inom tv\u00e5 (2) veckor s\u00e5 f\u00e5r du&nbsp;pengarna tillbaka eller ett annat smycke. Skicka din returvara till adressen nedan. F\u00f6r att kunna behandla och fullborda din retur, [&hellip;]<\/p>\n","protected":false},"author":1,"featured_media":0,"parent":0,"menu_order":83,"comment_status":"closed","ping_status":"closed","template":"","meta":{"inline_featured_image":false,"footnotes":""},"class_list":["post-810","page","type-page","status-publish","hentry"],"_links":{"self":[{"href":"https:\/\/arvasweden.com\/sv\/wp-json\/wp\/v2\/pages\/810","targetHints":{"allow":["GET"]}}],"collection":[{"href":"https:\/\/arvasweden.com\/sv\/wp-json\/wp\/v2\/pages"}],"about":[{"href":"https:\/\/arvasweden.com\/sv\/wp-json\/wp\/v2\/types\/page"}],"author":[{"embeddable":true,"href":"https:\/\/arvasweden.com\/sv\/wp-json\/wp\/v2\/users\/1"}],"replies":[{"embeddable":true,"href":"https:\/\/arvasweden.com\/sv\/wp-json\/wp\/v2\/comments?post=810"}],"version-history":[{"count":2,"href":"https:\/\/arvasweden.com\/sv\/wp-json\/wp\/v2\/pages\/810\/revisions"}],"predecessor-version":[{"id":813,"href":"https:\/\/arvasweden.com\/sv\/wp-json\/wp\/v2\/pages\/810\/revisions\/813"}],"wp:attachment":[{"href":"https:\/\/arvasweden.com\/sv\/wp-json\/wp\/v2\/media?parent=810"}],"curies":[{"name":"wp","href":"https:\/\/api.w.org\/{rel}","templated":true}]}}