{"id":586,"date":"2014-11-10T19:04:57","date_gmt":"2014-11-10T18:04:57","guid":{"rendered":"https:\/\/arvasweden.com.hemsida.eu\/product\/mini-compass-hange\/"},"modified":"2026-01-23T13:08:35","modified_gmt":"2026-01-23T12:08:35","slug":"ompass-mini-hange","status":"publish","type":"product","link":"https:\/\/arvasweden.com\/sv\/produkt\/ompass-mini-hange\/","title":{"rendered":"Compass mini halsband"},"content":{"rendered":"<p><strong>LOVE CARVINGS-KOLLEKTIONEN<\/strong><\/p>\n<p>Handgjutna smycken inspirerade av m\u00f6nster som prydde k\u00e4rleksg\u00e5vor av tr\u00e4 under 1600-1800-talet.<\/p>\n<p>Karvsnittet som liknar en kompassros kan p\u00e5minna b\u00e4raren om att lita till sin inre kompass. Hem \u00e4r en plats i ditt hj\u00e4rta. M\u00f6nster p\u00e5 b\u00e5da sidorna.<\/p>\n","protected":false},"excerpt":{"rendered":"<p>Halsband med h\u00e4nge. Tillg\u00e4nglig i tv\u00e5 olika l\u00e4ngder sterlingsilver (42\/70 cm) och i guld-vermeil (42 cm). 12 mm i diameter.<\/p>\n<p>&nbsp;<\/p>\n","protected":false},"featured_media":2523,"comment_status":"open","ping_status":"closed","template":"","meta":{"inline_featured_image":false},"product_brand":[33],"product_cat":[45],"product_tag":[],"class_list":{"0":"post-586","1":"product","2":"type-product","3":"status-publish","4":"has-post-thumbnail","6":"product_brand-arva-sweden","7":"product_cat-halsband","9":"first","10":"instock","11":"taxable","12":"shipping-taxable","13":"purchasable","14":"product-type-variable","15":"has-default-attributes"},"_links":{"self":[{"href":"https:\/\/arvasweden.com\/sv\/wp-json\/wp\/v2\/product\/586","targetHints":{"allow":["GET"]}}],"collection":[{"href":"https:\/\/arvasweden.com\/sv\/wp-json\/wp\/v2\/product"}],"about":[{"href":"https:\/\/arvasweden.com\/sv\/wp-json\/wp\/v2\/types\/product"}],"replies":[{"embeddable":true,"href":"https:\/\/arvasweden.com\/sv\/wp-json\/wp\/v2\/comments?post=586"}],"wp:featuredmedia":[{"embeddable":true,"href":"https:\/\/arvasweden.com\/sv\/wp-json\/wp\/v2\/media\/2523"}],"wp:attachment":[{"href":"https:\/\/arvasweden.com\/sv\/wp-json\/wp\/v2\/media?parent=586"}],"wp:term":[{"taxonomy":"product_brand","embeddable":true,"href":"https:\/\/arvasweden.com\/sv\/wp-json\/wp\/v2\/product_brand?post=586"},{"taxonomy":"product_cat","embeddable":true,"href":"https:\/\/arvasweden.com\/sv\/wp-json\/wp\/v2\/product_cat?post=586"},{"taxonomy":"product_tag","embeddable":true,"href":"https:\/\/arvasweden.com\/sv\/wp-json\/wp\/v2\/product_tag?post=586"}],"curies":[{"name":"wp","href":"https:\/\/api.w.org\/{rel}","templated":true}]}}