{"id":661,"date":"2014-12-01T12:27:51","date_gmt":"2014-12-01T11:27:51","guid":{"rendered":"https:\/\/arvasweden.com.hemsida.eu\/product\/mixed-carvings-double-halsband\/"},"modified":"2026-01-23T12:31:35","modified_gmt":"2026-01-23T11:31:35","slug":"mixed-carvings-double-halsband","status":"publish","type":"product","link":"https:\/\/arvasweden.com\/sv\/produkt\/mixed-carvings-double-halsband\/","title":{"rendered":"Mixed carvings double-halsband"},"content":{"rendered":"<p><a href=\"https:\/\/arvasweden.com\/sv\/om-arva-sweden\/love-carvings-kollektion\/\" target=\"_blank\" rel=\"noopener noreferrer\">LOVE CARVINGS-KOLLEKTIONEN<\/a><br \/>\nHandgjutna smycken inspirerade av m\u00f6nster som prydde k\u00e4rleksg\u00e5vor av tr\u00e4 under 1600-1800-talet.<br \/>\nSex olika tr\u00e4snittsm\u00f6nster\u00a0 i ett l\u00e5ngt halsband.<\/p>\n","protected":false},"excerpt":{"rendered":"<p><a href=\"https:\/\/arvasweden.com\/sv\/om-arva-sweden\/love-carvings-kollektion\/\" target=\"_blank\" rel=\"noopener noreferrer\">LOVE CARVINGS KOLLEKTIONEN<\/a><\/p>\n<p>L\u00e5ngt halsband i sterlingsilver.<br \/>\nL\u00e4ngd: 115 cm<\/p>\n","protected":false},"featured_media":489,"comment_status":"open","ping_status":"closed","template":"","meta":{"inline_featured_image":false},"product_brand":[33],"product_cat":[45],"product_tag":[],"class_list":{"0":"post-661","1":"product","2":"type-product","3":"status-publish","4":"has-post-thumbnail","6":"product_brand-arva-sweden","7":"product_cat-halsband","9":"first","10":"instock","11":"featured","12":"taxable","13":"shipping-taxable","14":"purchasable","15":"product-type-simple"},"_links":{"self":[{"href":"https:\/\/arvasweden.com\/sv\/wp-json\/wp\/v2\/product\/661","targetHints":{"allow":["GET"]}}],"collection":[{"href":"https:\/\/arvasweden.com\/sv\/wp-json\/wp\/v2\/product"}],"about":[{"href":"https:\/\/arvasweden.com\/sv\/wp-json\/wp\/v2\/types\/product"}],"replies":[{"embeddable":true,"href":"https:\/\/arvasweden.com\/sv\/wp-json\/wp\/v2\/comments?post=661"}],"wp:featuredmedia":[{"embeddable":true,"href":"https:\/\/arvasweden.com\/sv\/wp-json\/wp\/v2\/media\/489"}],"wp:attachment":[{"href":"https:\/\/arvasweden.com\/sv\/wp-json\/wp\/v2\/media?parent=661"}],"wp:term":[{"taxonomy":"product_brand","embeddable":true,"href":"https:\/\/arvasweden.com\/sv\/wp-json\/wp\/v2\/product_brand?post=661"},{"taxonomy":"product_cat","embeddable":true,"href":"https:\/\/arvasweden.com\/sv\/wp-json\/wp\/v2\/product_cat?post=661"},{"taxonomy":"product_tag","embeddable":true,"href":"https:\/\/arvasweden.com\/sv\/wp-json\/wp\/v2\/product_tag?post=661"}],"curies":[{"name":"wp","href":"https:\/\/api.w.org\/{rel}","templated":true}]}}