{"id":662,"date":"2014-12-01T21:48:42","date_gmt":"2014-12-01T20:48:42","guid":{"rendered":"https:\/\/arvasweden.com.hemsida.eu\/product\/compass-drops-orhangen\/"},"modified":"2026-01-23T12:27:19","modified_gmt":"2026-01-23T11:27:19","slug":"compass-drops-orhangen","status":"publish","type":"product","link":"https:\/\/arvasweden.com\/sv\/produkt\/compass-drops-orhangen\/","title":{"rendered":"Compass drops \u00f6rh\u00e4ngen"},"content":{"rendered":"<p>Handgjutna smycken inspirerade av m\u00f6nster som prydde k\u00e4rleksg\u00e5vor av tr\u00e4 under 1600-1800-talet.<\/p>\n<p>Karvsnittet som liknar en kompassros kan p\u00e5minna b\u00e4raren om att lita till sin inre kompass. Hem \u00e4r en plats i ditt hj\u00e4rta.<\/p>\n","protected":false},"excerpt":{"rendered":"<p>\u00d6rh\u00e4ngen i sterlingsilver eller guld-vermeil. H\u00e4nget \u00e4r 12 mm i diameter.<\/p>\n","protected":false},"featured_media":2494,"comment_status":"open","ping_status":"closed","template":"","meta":{"inline_featured_image":false},"product_brand":[33],"product_cat":[46],"product_tag":[],"class_list":{"0":"post-662","1":"product","2":"type-product","3":"status-publish","4":"has-post-thumbnail","6":"product_brand-arva-sweden","7":"product_cat-orhangen","9":"first","10":"instock","11":"featured","12":"taxable","13":"shipping-taxable","14":"purchasable","15":"product-type-variable","16":"has-default-attributes"},"_links":{"self":[{"href":"https:\/\/arvasweden.com\/sv\/wp-json\/wp\/v2\/product\/662","targetHints":{"allow":["GET"]}}],"collection":[{"href":"https:\/\/arvasweden.com\/sv\/wp-json\/wp\/v2\/product"}],"about":[{"href":"https:\/\/arvasweden.com\/sv\/wp-json\/wp\/v2\/types\/product"}],"replies":[{"embeddable":true,"href":"https:\/\/arvasweden.com\/sv\/wp-json\/wp\/v2\/comments?post=662"}],"wp:featuredmedia":[{"embeddable":true,"href":"https:\/\/arvasweden.com\/sv\/wp-json\/wp\/v2\/media\/2494"}],"wp:attachment":[{"href":"https:\/\/arvasweden.com\/sv\/wp-json\/wp\/v2\/media?parent=662"}],"wp:term":[{"taxonomy":"product_brand","embeddable":true,"href":"https:\/\/arvasweden.com\/sv\/wp-json\/wp\/v2\/product_brand?post=662"},{"taxonomy":"product_cat","embeddable":true,"href":"https:\/\/arvasweden.com\/sv\/wp-json\/wp\/v2\/product_cat?post=662"},{"taxonomy":"product_tag","embeddable":true,"href":"https:\/\/arvasweden.com\/sv\/wp-json\/wp\/v2\/product_tag?post=662"}],"curies":[{"name":"wp","href":"https:\/\/api.w.org\/{rel}","templated":true}]}}