{"id":668,"date":"2015-08-24T15:21:06","date_gmt":"2015-08-24T13:21:06","guid":{"rendered":"https:\/\/arvasweden.com.hemsida.eu\/product\/mini-logo-armband\/"},"modified":"2026-01-23T12:26:11","modified_gmt":"2026-01-23T11:26:11","slug":"logo-mini-armband","status":"publish","type":"product","link":"https:\/\/arvasweden.com\/sv\/produkt\/logo-mini-armband\/","title":{"rendered":"Mini logo armband"},"content":{"rendered":"<p><a href=\"https:\/\/arvasweden.com\/sv\/om-arva-sweden\/love-carvings-kollektion\/\" target=\"_blank\" rel=\"noopener noreferrer\">LOVE CARVINGS-KOLLEKTIONEN<\/a><br \/>\nHandgjutna smycken inspirerade av m\u00f6nster som prydde k\u00e4rleksg\u00e5vor av tr\u00e4 under 1600-1800-talet.<br \/>\nTunt armband med karvsnittsm\u00f6nstret som \u00e5terfinns i Arva Swedens logga.<\/p>\n","protected":false},"excerpt":{"rendered":"<p>THE LOVE CARVINGS COLLECTION<\/p>\n<p>Armband i sterlingsilver.<br \/>\nFlexibel l\u00e4ngd, 17\/19 cm (6,7 in\/7,5 in.)<\/p>\n","protected":false},"featured_media":2539,"comment_status":"open","ping_status":"closed","template":"","meta":{"inline_featured_image":false},"product_brand":[33],"product_cat":[47],"product_tag":[],"class_list":{"0":"post-668","1":"product","2":"type-product","3":"status-publish","4":"has-post-thumbnail","6":"product_brand-arva-sweden","7":"product_cat-armband","9":"first","10":"instock","11":"taxable","12":"shipping-taxable","13":"purchasable","14":"product-type-simple"},"_links":{"self":[{"href":"https:\/\/arvasweden.com\/sv\/wp-json\/wp\/v2\/product\/668","targetHints":{"allow":["GET"]}}],"collection":[{"href":"https:\/\/arvasweden.com\/sv\/wp-json\/wp\/v2\/product"}],"about":[{"href":"https:\/\/arvasweden.com\/sv\/wp-json\/wp\/v2\/types\/product"}],"replies":[{"embeddable":true,"href":"https:\/\/arvasweden.com\/sv\/wp-json\/wp\/v2\/comments?post=668"}],"wp:featuredmedia":[{"embeddable":true,"href":"https:\/\/arvasweden.com\/sv\/wp-json\/wp\/v2\/media\/2539"}],"wp:attachment":[{"href":"https:\/\/arvasweden.com\/sv\/wp-json\/wp\/v2\/media?parent=668"}],"wp:term":[{"taxonomy":"product_brand","embeddable":true,"href":"https:\/\/arvasweden.com\/sv\/wp-json\/wp\/v2\/product_brand?post=668"},{"taxonomy":"product_cat","embeddable":true,"href":"https:\/\/arvasweden.com\/sv\/wp-json\/wp\/v2\/product_cat?post=668"},{"taxonomy":"product_tag","embeddable":true,"href":"https:\/\/arvasweden.com\/sv\/wp-json\/wp\/v2\/product_tag?post=668"}],"curies":[{"name":"wp","href":"https:\/\/api.w.org\/{rel}","templated":true}]}}