{"id":675,"date":"2015-08-21T08:44:25","date_gmt":"2015-08-21T06:44:25","guid":{"rendered":"https:\/\/arvasweden.com.hemsida.eu\/product\/mixed-carvings-long-halsband\/"},"modified":"2026-01-23T12:26:50","modified_gmt":"2026-01-23T11:26:50","slug":"mixed-carvings-long-halsband","status":"publish","type":"product","link":"https:\/\/arvasweden.com\/sv\/produkt\/mixed-carvings-long-halsband\/","title":{"rendered":"Mixed carvings l\u00e5ngt halsband"},"content":{"rendered":"<p><a href=\"https:\/\/arvasweden.com\/sv\/om-arva-sweden\/love-carvings-kollektion\/\" target=\"_blank\" rel=\"noopener noreferrer\">LOVE CARVINGS-KOLLEKTIONEN<\/a><br \/>\nHandgjutna smycken inspirerade av m\u00f6nster som prydde k\u00e4rleksg\u00e5vor av tr\u00e4 under 1600-1800-talet.<br \/>\nFem olika tr\u00e4snittm\u00f6nster\u00a0 i ett l\u00e5ngt halsband.<\/p>\n","protected":false},"excerpt":{"rendered":"<h6><a href=\"https:\/\/arvasweden.com\/sv\/om-arva-sweden\/love-carvings-kollektion\/\" target=\"_blank\" rel=\"noopener noreferrer\">THE\u00a0LOVE CARVINGS COLLECTION<\/a><\/h6>\n<p>Halsband i sterlingsilver.<br \/>\nL\u00e4ngd:\u00a085 cm.<\/p>\n","protected":false},"featured_media":623,"comment_status":"open","ping_status":"closed","template":"","meta":{"inline_featured_image":false},"product_brand":[33],"product_cat":[45],"product_tag":[],"class_list":{"0":"post-675","1":"product","2":"type-product","3":"status-publish","4":"has-post-thumbnail","6":"product_brand-arva-sweden","7":"product_cat-halsband","9":"first","10":"instock","11":"taxable","12":"shipping-taxable","13":"purchasable","14":"product-type-simple"},"_links":{"self":[{"href":"https:\/\/arvasweden.com\/sv\/wp-json\/wp\/v2\/product\/675","targetHints":{"allow":["GET"]}}],"collection":[{"href":"https:\/\/arvasweden.com\/sv\/wp-json\/wp\/v2\/product"}],"about":[{"href":"https:\/\/arvasweden.com\/sv\/wp-json\/wp\/v2\/types\/product"}],"replies":[{"embeddable":true,"href":"https:\/\/arvasweden.com\/sv\/wp-json\/wp\/v2\/comments?post=675"}],"wp:featuredmedia":[{"embeddable":true,"href":"https:\/\/arvasweden.com\/sv\/wp-json\/wp\/v2\/media\/623"}],"wp:attachment":[{"href":"https:\/\/arvasweden.com\/sv\/wp-json\/wp\/v2\/media?parent=675"}],"wp:term":[{"taxonomy":"product_brand","embeddable":true,"href":"https:\/\/arvasweden.com\/sv\/wp-json\/wp\/v2\/product_brand?post=675"},{"taxonomy":"product_cat","embeddable":true,"href":"https:\/\/arvasweden.com\/sv\/wp-json\/wp\/v2\/product_cat?post=675"},{"taxonomy":"product_tag","embeddable":true,"href":"https:\/\/arvasweden.com\/sv\/wp-json\/wp\/v2\/product_tag?post=675"}],"curies":[{"name":"wp","href":"https:\/\/api.w.org\/{rel}","templated":true}]}}