{"id":676,"date":"2014-12-01T12:37:04","date_gmt":"2014-12-01T11:37:04","guid":{"rendered":"https:\/\/arvasweden.com.hemsida.eu\/product\/triple-square-orhangen\/"},"modified":"2026-01-23T12:30:06","modified_gmt":"2026-01-23T11:30:06","slug":"triple-square-orhangen","status":"publish","type":"product","link":"https:\/\/arvasweden.com\/sv\/produkt\/triple-square-orhangen\/","title":{"rendered":"Triple square \u00f6rh\u00e4ngen"},"content":{"rendered":"<p><a href=\"https:\/\/arvasweden.com\/sv\/om-arva-sweden\/love-carvings-kollektion\/\" target=\"_blank\" rel=\"noopener noreferrer\">LOVE CARVINGS-KOLLEKTIONEN<\/a><br \/>\nHandgjutna smycken inspirerade av k\u00e4rleksg\u00e5vor av tr\u00e4 fr\u00e5n 1600-1800-talet.<br \/>\nTv\u00e5 olika geometriska tr\u00e4snittsm\u00f6nster mixas i dessa \u00f6rh\u00e4ngen.<\/p>\n","protected":false},"excerpt":{"rendered":"<h6>THE\u00a0LOVE CARVINGS COLLECTION<\/h6>\n<p>L\u00e5nga \u00f6rh\u00e4ngen i sterlingsilver eller guld-vermeil.<br \/>\nL\u00e4ngd: 6 cm.<\/p>\n","protected":false},"featured_media":2569,"comment_status":"open","ping_status":"closed","template":"","meta":{"inline_featured_image":false},"product_brand":[33],"product_cat":[46],"product_tag":[],"class_list":{"0":"post-676","1":"product","2":"type-product","3":"status-publish","4":"has-post-thumbnail","6":"product_brand-arva-sweden","7":"product_cat-orhangen","9":"first","10":"instock","11":"taxable","12":"shipping-taxable","13":"purchasable","14":"product-type-variable"},"_links":{"self":[{"href":"https:\/\/arvasweden.com\/sv\/wp-json\/wp\/v2\/product\/676","targetHints":{"allow":["GET"]}}],"collection":[{"href":"https:\/\/arvasweden.com\/sv\/wp-json\/wp\/v2\/product"}],"about":[{"href":"https:\/\/arvasweden.com\/sv\/wp-json\/wp\/v2\/types\/product"}],"replies":[{"embeddable":true,"href":"https:\/\/arvasweden.com\/sv\/wp-json\/wp\/v2\/comments?post=676"}],"wp:featuredmedia":[{"embeddable":true,"href":"https:\/\/arvasweden.com\/sv\/wp-json\/wp\/v2\/media\/2569"}],"wp:attachment":[{"href":"https:\/\/arvasweden.com\/sv\/wp-json\/wp\/v2\/media?parent=676"}],"wp:term":[{"taxonomy":"product_brand","embeddable":true,"href":"https:\/\/arvasweden.com\/sv\/wp-json\/wp\/v2\/product_brand?post=676"},{"taxonomy":"product_cat","embeddable":true,"href":"https:\/\/arvasweden.com\/sv\/wp-json\/wp\/v2\/product_cat?post=676"},{"taxonomy":"product_tag","embeddable":true,"href":"https:\/\/arvasweden.com\/sv\/wp-json\/wp\/v2\/product_tag?post=676"}],"curies":[{"name":"wp","href":"https:\/\/api.w.org\/{rel}","templated":true}]}}