{"id":678,"date":"2014-12-01T12:41:05","date_gmt":"2014-12-01T11:41:05","guid":{"rendered":"https:\/\/arvasweden.com.hemsida.eu\/product\/medium-compass-hange\/"},"modified":"2026-01-23T12:29:23","modified_gmt":"2026-01-23T11:29:23","slug":"compass-medium-halsband","status":"publish","type":"product","link":"https:\/\/arvasweden.com\/sv\/produkt\/compass-medium-halsband\/","title":{"rendered":"Compass medium halsband"},"content":{"rendered":"<p><strong>LOVE CARVINGS-KOLLEKTIONEN<\/strong><\/p>\n<p>Handgjutna smycken inspirerade av m\u00f6nster som prydde k\u00e4rleksg\u00e5vor av tr\u00e4 under 1600-1800-talet.<\/p>\n<p>Karvsnittet som liknar en kompassros kan p\u00e5minna b\u00e4raren om att lita till sin inre kompass. Hem \u00e4r en plats i ditt hj\u00e4rta.<\/p>\n<p>&nbsp;<\/p>\n","protected":false},"excerpt":{"rendered":"<p>Compass medium-h\u00e4nge och kedja i sterlingsilver. Diameter: 2 cm.<\/p>\n","protected":false},"featured_media":2506,"comment_status":"open","ping_status":"closed","template":"","meta":{"inline_featured_image":false},"product_brand":[33],"product_cat":[45,51],"product_tag":[],"class_list":{"0":"post-678","1":"product","2":"type-product","3":"status-publish","4":"has-post-thumbnail","6":"product_brand-arva-sweden","7":"product_cat-halsband","8":"product_cat-hangen","10":"first","11":"instock","12":"featured","13":"taxable","14":"shipping-taxable","15":"purchasable","16":"product-type-variable","17":"has-default-attributes"},"_links":{"self":[{"href":"https:\/\/arvasweden.com\/sv\/wp-json\/wp\/v2\/product\/678","targetHints":{"allow":["GET"]}}],"collection":[{"href":"https:\/\/arvasweden.com\/sv\/wp-json\/wp\/v2\/product"}],"about":[{"href":"https:\/\/arvasweden.com\/sv\/wp-json\/wp\/v2\/types\/product"}],"replies":[{"embeddable":true,"href":"https:\/\/arvasweden.com\/sv\/wp-json\/wp\/v2\/comments?post=678"}],"wp:featuredmedia":[{"embeddable":true,"href":"https:\/\/arvasweden.com\/sv\/wp-json\/wp\/v2\/media\/2506"}],"wp:attachment":[{"href":"https:\/\/arvasweden.com\/sv\/wp-json\/wp\/v2\/media?parent=678"}],"wp:term":[{"taxonomy":"product_brand","embeddable":true,"href":"https:\/\/arvasweden.com\/sv\/wp-json\/wp\/v2\/product_brand?post=678"},{"taxonomy":"product_cat","embeddable":true,"href":"https:\/\/arvasweden.com\/sv\/wp-json\/wp\/v2\/product_cat?post=678"},{"taxonomy":"product_tag","embeddable":true,"href":"https:\/\/arvasweden.com\/sv\/wp-json\/wp\/v2\/product_tag?post=678"}],"curies":[{"name":"wp","href":"https:\/\/api.w.org\/{rel}","templated":true}]}}