{"id":687,"date":"2014-12-01T17:55:31","date_gmt":"2014-12-01T16:55:31","guid":{"rendered":"https:\/\/arvasweden.com.hemsida.eu\/product\/large-floral-hange\/"},"modified":"2026-01-23T12:28:10","modified_gmt":"2026-01-23T11:28:10","slug":"floral-large-hange","status":"publish","type":"product","link":"https:\/\/arvasweden.com\/sv\/produkt\/floral-large-hange\/","title":{"rendered":"Floral h\u00e4nge"},"content":{"rendered":"<p><a href=\"https:\/\/arvasweden.com\/sv\/om-arva-sweden\/love-carvings-kollektion\/\" target=\"_blank\" rel=\"noopener noreferrer\">LOVE CARVINGS-KOLLEKTIONEN<\/a><br \/>\nHandgjutna smycken inspirerade av m\u00f6nster som prydde k\u00e4rleksg\u00e5vor av tr\u00e4 under 1600-1800-talet.<br \/>\nF\u00f6rutom geometriska m\u00f6nster \u00e5terfinns \u00e4ven dessa blomliknande karvsnitt som kallas rosettm\u00f6nster.<\/p>\n","protected":false},"excerpt":{"rendered":"<h5><a href=\"https:\/\/arvasweden.com\/sv\/om-arva-sweden\/love-carvings-kollektion\/\" target=\"_blank\" rel=\"noopener noreferrer\">LOVE CARVINGS-KOLLEKTIONEN<\/a><\/h5>\n<p>Stort h\u00e4nge och kedja i sterlingsilver.<br \/>\n35 mm.<\/p>\n","protected":false},"featured_media":2550,"comment_status":"open","ping_status":"closed","template":"","meta":{"inline_featured_image":false},"product_brand":[33],"product_cat":[45,51],"product_tag":[],"class_list":{"0":"post-687","1":"product","2":"type-product","3":"status-publish","4":"has-post-thumbnail","6":"product_brand-arva-sweden","7":"product_cat-halsband","8":"product_cat-hangen","10":"first","11":"instock","12":"taxable","13":"shipping-taxable","14":"purchasable","15":"product-type-variable"},"_links":{"self":[{"href":"https:\/\/arvasweden.com\/sv\/wp-json\/wp\/v2\/product\/687","targetHints":{"allow":["GET"]}}],"collection":[{"href":"https:\/\/arvasweden.com\/sv\/wp-json\/wp\/v2\/product"}],"about":[{"href":"https:\/\/arvasweden.com\/sv\/wp-json\/wp\/v2\/types\/product"}],"replies":[{"embeddable":true,"href":"https:\/\/arvasweden.com\/sv\/wp-json\/wp\/v2\/comments?post=687"}],"wp:featuredmedia":[{"embeddable":true,"href":"https:\/\/arvasweden.com\/sv\/wp-json\/wp\/v2\/media\/2550"}],"wp:attachment":[{"href":"https:\/\/arvasweden.com\/sv\/wp-json\/wp\/v2\/media?parent=687"}],"wp:term":[{"taxonomy":"product_brand","embeddable":true,"href":"https:\/\/arvasweden.com\/sv\/wp-json\/wp\/v2\/product_brand?post=687"},{"taxonomy":"product_cat","embeddable":true,"href":"https:\/\/arvasweden.com\/sv\/wp-json\/wp\/v2\/product_cat?post=687"},{"taxonomy":"product_tag","embeddable":true,"href":"https:\/\/arvasweden.com\/sv\/wp-json\/wp\/v2\/product_tag?post=687"}],"curies":[{"name":"wp","href":"https:\/\/api.w.org\/{rel}","templated":true}]}}